{"id":1629,"date":"2024-04-12T10:04:56","date_gmt":"2024-04-12T15:04:56","guid":{"rendered":"https:\/\/www.contraloria.gob.pa\/observatorio-economico\/?page_id=1629"},"modified":"2025-10-10T16:54:28","modified_gmt":"2025-10-10T21:54:28","slug":"investigaciones","status":"publish","type":"page","link":"https:\/\/www.contraloria.gob.pa\/observatorio-economico\/index.php\/investigaciones\/","title":{"rendered":"Investigaciones"},"content":{"rendered":"\t\t<div data-elementor-type=\"wp-page\" data-elementor-id=\"1629\" class=\"elementor elementor-1629\" data-elementor-post-type=\"page\">\n\t\t\t\t<div class=\"elementor-element elementor-element-caec20d e-flex e-con-boxed e-con e-parent\" data-id=\"caec20d\" data-element_type=\"container\" data-settings=\"{&quot;background_background&quot;:&quot;gradient&quot;}\">\n\t\t\t\t\t<div class=\"e-con-inner\">\n\t\t\t\t<div class=\"elementor-element elementor-element-6fec0f5 elementor-widget elementor-widget-text-editor\" data-id=\"6fec0f5\" data-element_type=\"widget\" data-widget_type=\"text-editor.default\">\n\t\t\t\t<div class=\"elementor-widget-container\">\n\t\t\t\t\t\t\t<p style=\"text-align: center;\"><span style=\"color: #4a4d4e;\"><span style=\"font-size: 32px; font-family: arial, helvetica, sans-serif;\">\u00a0INVESTIGACIONES<\/span><\/span><\/p>\t\t\t\t\t\t<\/div>\n\t\t\t\t<\/div>\n\t\t\t\t\t<\/div>\n\t\t\t\t<\/div>\n\t\t<div class=\"elementor-element elementor-element-f9969d8 e-flex e-con-boxed e-con e-parent\" data-id=\"f9969d8\" data-element_type=\"container\">\n\t\t\t\t\t<div class=\"e-con-inner\">\n\t\t\t\t<div class=\"elementor-element elementor-element-dc462cc elementor-widget__width-initial elementor-widget elementor-widget-image\" data-id=\"dc462cc\" data-element_type=\"widget\" data-widget_type=\"image.default\">\n\t\t\t\t<div class=\"elementor-widget-container\">\n\t\t\t\t\t\t\t\t\t\t\t\t\t\t<a href=\"https:\/\/www.contraloria.gob.pa\/observatorio-economico\/index.php\/investigaciones\/\">\n\t\t\t\t\t\t\t<img fetchpriority=\"high\" decoding=\"async\" width=\"640\" height=\"282\" src=\"https:\/\/www.contraloria.gob.pa\/observatorio-economico\/wp-content\/uploads\/2025\/08\/Siluetas-adicionales-OE_Mesa-de-trabajo-1-copia-2.png\" class=\"elementor-animation-pulse attachment-large size-large wp-image-5148\" alt=\"\" srcset=\"https:\/\/www.contraloria.gob.pa\/observatorio-economico\/wp-content\/uploads\/2025\/08\/Siluetas-adicionales-OE_Mesa-de-trabajo-1-copia-2.png 640w, https:\/\/www.contraloria.gob.pa\/observatorio-economico\/wp-content\/uploads\/2025\/08\/Siluetas-adicionales-OE_Mesa-de-trabajo-1-copia-2-300x132.png 300w\" sizes=\"(max-width: 640px) 100vw, 640px\" \/>\t\t\t\t\t\t\t\t<\/a>\n\t\t\t\t\t\t\t\t\t\t\t\t\t<\/div>\n\t\t\t\t<\/div>\n\t\t\t\t<div class=\"elementor-element elementor-element-5e65e4f elementor-widget__width-initial elementor-widget elementor-widget-image\" data-id=\"5e65e4f\" data-element_type=\"widget\" data-widget_type=\"image.default\">\n\t\t\t\t<div class=\"elementor-widget-container\">\n\t\t\t\t\t\t\t\t\t\t\t\t\t\t<a href=\"https:\/\/www.contraloria.gob.pa\/observatorio-economico\/index.php\/estudios-economicos\/\">\n\t\t\t\t\t\t\t<img decoding=\"async\" width=\"640\" height=\"282\" src=\"https:\/\/www.contraloria.gob.pa\/observatorio-economico\/wp-content\/uploads\/2025\/08\/Siluetas-adicionales-OE_Mesa-de-trabajo-1-copia.png\" class=\"elementor-animation-pulse attachment-large size-large wp-image-5150\" alt=\"\" srcset=\"https:\/\/www.contraloria.gob.pa\/observatorio-economico\/wp-content\/uploads\/2025\/08\/Siluetas-adicionales-OE_Mesa-de-trabajo-1-copia.png 640w, https:\/\/www.contraloria.gob.pa\/observatorio-economico\/wp-content\/uploads\/2025\/08\/Siluetas-adicionales-OE_Mesa-de-trabajo-1-copia-300x132.png 300w\" sizes=\"(max-width: 640px) 100vw, 640px\" \/>\t\t\t\t\t\t\t\t<\/a>\n\t\t\t\t\t\t\t\t\t\t\t\t\t<\/div>\n\t\t\t\t<\/div>\n\t\t\t\t<div class=\"elementor-element elementor-element-b4bc526 elementor-widget__width-initial elementor-widget elementor-widget-image\" data-id=\"b4bc526\" data-element_type=\"widget\" data-widget_type=\"image.default\">\n\t\t\t\t<div class=\"elementor-widget-container\">\n\t\t\t\t\t\t\t\t\t\t\t\t\t\t<a href=\"https:\/\/www.contraloria.gob.pa\/observatorio-economico\/index.php\/informes-de-conyuntura\/\">\n\t\t\t\t\t\t\t<img decoding=\"async\" width=\"640\" height=\"282\" src=\"https:\/\/www.contraloria.gob.pa\/observatorio-economico\/wp-content\/uploads\/2025\/08\/Siluetas-adicionales-OE_Mesa-de-trabajo-1-copia-3.png\" class=\"elementor-animation-pulse attachment-large size-large wp-image-5149\" alt=\"\" srcset=\"https:\/\/www.contraloria.gob.pa\/observatorio-economico\/wp-content\/uploads\/2025\/08\/Siluetas-adicionales-OE_Mesa-de-trabajo-1-copia-3.png 640w, https:\/\/www.contraloria.gob.pa\/observatorio-economico\/wp-content\/uploads\/2025\/08\/Siluetas-adicionales-OE_Mesa-de-trabajo-1-copia-3-300x132.png 300w\" sizes=\"(max-width: 640px) 100vw, 640px\" \/>\t\t\t\t\t\t\t\t<\/a>\n\t\t\t\t\t\t\t\t\t\t\t\t\t<\/div>\n\t\t\t\t<\/div>\n\t\t\t\t<div class=\"elementor-element elementor-element-4c5a234 elementor-widget__width-initial elementor-widget elementor-widget-image\" data-id=\"4c5a234\" data-element_type=\"widget\" data-widget_type=\"image.default\">\n\t\t\t\t<div class=\"elementor-widget-container\">\n\t\t\t\t\t\t\t\t\t\t\t\t\t\t<a href=\"https:\/\/www.contraloria.gob.pa\/observatorio-economico\/index.php\/nota-metodologica\/\">\n\t\t\t\t\t\t\t<img loading=\"lazy\" decoding=\"async\" width=\"640\" height=\"282\" src=\"https:\/\/www.contraloria.gob.pa\/observatorio-economico\/wp-content\/uploads\/2025\/09\/Siluetas-adicionales7-OE.png\" class=\"elementor-animation-pulse attachment-large size-large wp-image-5897\" alt=\"\" srcset=\"https:\/\/www.contraloria.gob.pa\/observatorio-economico\/wp-content\/uploads\/2025\/09\/Siluetas-adicionales7-OE.png 640w, https:\/\/www.contraloria.gob.pa\/observatorio-economico\/wp-content\/uploads\/2025\/09\/Siluetas-adicionales7-OE-300x132.png 300w\" sizes=\"(max-width: 640px) 100vw, 640px\" \/>\t\t\t\t\t\t\t\t<\/a>\n\t\t\t\t\t\t\t\t\t\t\t\t\t<\/div>\n\t\t\t\t<\/div>\n\t\t\t\t\t<\/div>\n\t\t\t\t<\/div>\n\t\t<div class=\"elementor-element elementor-element-4d884bb e-flex e-con-boxed e-con e-parent\" data-id=\"4d884bb\" data-element_type=\"container\">\n\t\t\t\t\t<div class=\"e-con-inner\">\n\t\t<div class=\"elementor-element elementor-element-e31a4f7 e-con-full e-flex e-con e-child\" data-id=\"e31a4f7\" data-element_type=\"container\">\n\t\t<div class=\"elementor-element elementor-element-09ef390 e-con-full e-flex e-con e-child\" data-id=\"09ef390\" data-element_type=\"container\">\n\t\t<div class=\"elementor-element elementor-element-07e959d e-flex e-con-boxed e-con e-child\" data-id=\"07e959d\" data-element_type=\"container\">\n\t\t\t\t\t<div class=\"e-con-inner\">\n\t\t\t\t<div class=\"elementor-element elementor-element-420fd0a elementor-widget__width-initial elementor-widget elementor-widget-shortcode\" data-id=\"420fd0a\" data-element_type=\"widget\" data-widget_type=\"shortcode.default\">\n\t\t\t\t<div class=\"elementor-widget-container\">\n\t\t\t\t\t<div class=\"elementor-shortcode\">\n<table id=\"tablepress-2\" class=\"tablepress tablepress-id-2\">\n<thead>\n<tr class=\"row-1\">\n\t<th class=\"column-1\">FECHA<\/th><th class=\"column-2\">T\u00cdTULO<\/th><th class=\"column-3\">AUTOR<\/th><th class=\"column-4\">TEMA<\/th><th class=\"column-5\">PDF<\/th>\n<\/tr>\n<\/thead>\n<tbody class=\"row-striping row-hover\">\n<tr class=\"row-2\">\n\t<td class=\"column-1\">2025<\/td><td class=\"column-2\">Efecto traspaso de las tasas interbancarias y locales de Panam\u00e1 con la tasa fed<\/td><td class=\"column-3\">Ver\u00f3nica Castillo<\/td><td class=\"column-4\">INVESTIGACI\u00d3N<\/td><td class=\"column-5\"><a href=\"https:\/\/www.contraloria.gob.pa\/observatorio-economico\/wp-content\/uploads\/2025\/10\/EFECTO-TRASPASO-DE-LAS-TASAS-INTERBANCARIAS-Y-LOCALES-DE-PANAMA-CON-LA-TASA-FED-ANOS-2007-2024.pdf\" target=\"_blank\">Ver<\/a><\/td>\n<\/tr>\n<tr class=\"row-3\">\n\t<td class=\"column-1\">2025<\/td><td class=\"column-2\">An\u00e1lisis de la relaci\u00f3n de la Pol\u00edtica Antic\u00edclica en el nivel de Endeudamiento P\u00fablico<\/td><td class=\"column-3\">Eladio Acosta<\/td><td class=\"column-4\">INVESTIGACI\u00d3N<\/td><td class=\"column-5\"><a href=\"https:\/\/www.contraloria.gob.pa\/observatorio-economico\/wp-content\/uploads\/2025\/08\/Analisis-de-la-relacion-de-la-Politica-Anticiclica-en-el-nivel-de-Endeudamiento-Publico-en-Panama.-Anos-1995-2023-Nueva-Portada.pdf\" target=\"_blank\">Ver<\/a><\/td>\n<\/tr>\n<tr class=\"row-4\">\n\t<td class=\"column-1\">2025<\/td><td class=\"column-2\">Efecto de la variaci\u00f3n de los precios internacionales de los fertilizantes sobre el \u00edndice de precios al consumidor de los alimentos en Panam\u00e1. A\u00f1os: 2015-2023<\/td><td class=\"column-3\">Betzy Haldar<\/td><td class=\"column-4\">INVESTIGACI\u00d3N<\/td><td class=\"column-5\"><a href=\"https:\/\/www.contraloria.gob.pa\/observatorio-economico\/wp-content\/uploads\/2025\/06\/Efecto-de-la-variacion-de-los-precios-internacionales-de-los-fertilizantes-sobre-el-Indice-de-Precios-al-Consumidor-4-4.pdf\" target=\"_blank\" rel=\"noopener\">Ver<\/a><\/td>\n<\/tr>\n<tr class=\"row-5\">\n\t<td class=\"column-1\">2023<\/td><td class=\"column-2\">Sub\u00edndices derivados del IPC: Bienes, Servicios, regulados y no regulados. A\u00f1os: 2016-2022<\/td><td class=\"column-3\">Betzy Haldar<\/td><td class=\"column-4\">INVESTIGACI\u00d3N<\/td><td class=\"column-5\"><a href=\"https:\/\/www.contraloria.gob.pa\/observatorio-economico\/wp-content\/uploads\/2024\/06\/28_1_PUBLICACION.pdf\" rel=\"noopener\" target=\"_blank\">Ver<\/a><\/td>\n<\/tr>\n<tr class=\"row-6\">\n\t<td class=\"column-1\">2022<\/td><td class=\"column-2\">Indicadores de Inflaci\u00f3n Subyacente para Panam\u00e1, basados en el m\u00e9todo de exclusi\u00f3n fija y vol\u00e1til. A\u00f1os: 2015-2022<\/td><td class=\"column-3\">Betzy Haldar<\/td><td class=\"column-4\">INVESTIGACI\u00d3N<\/td><td class=\"column-5\"><a href=\"https:\/\/www.contraloria.gob.pa\/observatorio-economico\/wp-content\/uploads\/2024\/09\/Indicador-de-Inflacion-Subyacente-para-Panama-basados-en-el-metodo-de-exclusion-fija-y-volatil-Anos-2015-2022.pdf\" rel=\"noopener\" target=\"_blank\">Ver<\/a><\/td>\n<\/tr>\n<tr class=\"row-7\">\n\t<td class=\"column-1\">2022<\/td><td class=\"column-2\">Una Estimaci\u00f3n del PIB Potencial de Panam\u00e1, A\u00f1os:1980-2020<\/td><td class=\"column-3\">Ver\u00f3nica Castillo<\/td><td class=\"column-4\">INVESTIGACI\u00d3N<\/td><td class=\"column-5\"><a href=\"https:\/\/www.contraloria.gob.pa\/observatorio-economico\/wp-content\/uploads\/2024\/07\/PIB-POTENCIAL-DE-PANAMA.pdf\" rel=\"noopener\" target=\"_blank\">Ver<\/a><\/td>\n<\/tr>\n<tr class=\"row-8\">\n\t<td class=\"column-1\">2022<\/td><td class=\"column-2\">An\u00e1lisis Econ\u00f3mico de la Balanza Comercial sobre el Crecimiento Econ\u00f3mico de Panam\u00e1. A\u00f1os 1960-2021<\/td><td class=\"column-3\">Andrea Castillo<\/td><td class=\"column-4\">INVESTIGACI\u00d3N<\/td><td class=\"column-5\"><a href=\"https:\/\/www.contraloria.gob.pa\/observatorio-economico\/wp-content\/uploads\/2024\/09\/Analisis-economico-de-la-Balanza-de-Pagos-como-medida-de-comprension-del-sector-exterior-de-Panama-FINAL.pdf\" rel=\"noopener\" target=\"_blank\">Ver<\/a><\/td>\n<\/tr>\n<\/tbody>\n<\/table>\n<!-- #tablepress-2 from cache --><\/div>\n\t\t\t\t<\/div>\n\t\t\t\t<\/div>\n\t\t\t\t\t<\/div>\n\t\t\t\t<\/div>\n\t\t\t\t<\/div>\n\t\t\t\t<\/div>\n\t\t\t\t\t<\/div>\n\t\t\t\t<\/div>\n\t\t<div class=\"elementor-element elementor-element-cf55313 e-flex e-con-boxed e-con e-parent\" data-id=\"cf55313\" data-element_type=\"container\">\n\t\t\t\t\t<div class=\"e-con-inner\">\n\t\t\t\t\t<\/div>\n\t\t\t\t<\/div>\n\t\t\t\t<\/div>\n\t\t","protected":false},"excerpt":{"rendered":"<p>\u00a0INVESTIGACIONES<\/p>\n","protected":false},"author":1,"featured_media":0,"parent":0,"menu_order":0,"comment_status":"closed","ping_status":"closed","template":"","meta":{"_kadence_starter_templates_imported_post":false,"_kad_post_transparent":"","_kad_post_title":"hide","_kad_post_layout":"fullwidth","_kad_post_sidebar_id":"","_kad_post_content_style":"unboxed","_kad_post_vertical_padding":"hide","_kad_post_feature":"hide","_kad_post_feature_position":"","_kad_post_header":false,"_kad_post_footer":false,"footnotes":""},"class_list":["post-1629","page","type-page","status-publish","hentry"],"_links":{"self":[{"href":"https:\/\/www.contraloria.gob.pa\/observatorio-economico\/index.php\/wp-json\/wp\/v2\/pages\/1629","targetHints":{"allow":["GET"]}}],"collection":[{"href":"https:\/\/www.contraloria.gob.pa\/observatorio-economico\/index.php\/wp-json\/wp\/v2\/pages"}],"about":[{"href":"https:\/\/www.contraloria.gob.pa\/observatorio-economico\/index.php\/wp-json\/wp\/v2\/types\/page"}],"author":[{"embeddable":true,"href":"https:\/\/www.contraloria.gob.pa\/observatorio-economico\/index.php\/wp-json\/wp\/v2\/users\/1"}],"replies":[{"embeddable":true,"href":"https:\/\/www.contraloria.gob.pa\/observatorio-economico\/index.php\/wp-json\/wp\/v2\/comments?post=1629"}],"version-history":[{"count":141,"href":"https:\/\/www.contraloria.gob.pa\/observatorio-economico\/index.php\/wp-json\/wp\/v2\/pages\/1629\/revisions"}],"predecessor-version":[{"id":6244,"href":"https:\/\/www.contraloria.gob.pa\/observatorio-economico\/index.php\/wp-json\/wp\/v2\/pages\/1629\/revisions\/6244"}],"wp:attachment":[{"href":"https:\/\/www.contraloria.gob.pa\/observatorio-economico\/index.php\/wp-json\/wp\/v2\/media?parent=1629"}],"curies":[{"name":"wp","href":"https:\/\/api.w.org\/{rel}","templated":true}]}}