{"id":5113,"date":"2025-08-11T15:47:54","date_gmt":"2025-08-11T20:47:54","guid":{"rendered":"https:\/\/www.contraloria.gob.pa\/observatorio-economico\/?page_id=5113"},"modified":"2025-08-13T11:39:12","modified_gmt":"2025-08-13T16:39:12","slug":"quienes-somos","status":"publish","type":"page","link":"https:\/\/www.contraloria.gob.pa\/observatorio-economico\/index.php\/quienes-somos\/","title":{"rendered":"\u00bfQUI\u00c9NES SOMOS?"},"content":{"rendered":"\t\t<div data-elementor-type=\"wp-page\" data-elementor-id=\"5113\" class=\"elementor elementor-5113\" data-elementor-post-type=\"page\">\n\t\t\t\t<div class=\"elementor-element elementor-element-3d96b0c e-flex e-con-boxed e-con e-parent\" data-id=\"3d96b0c\" data-element_type=\"container\" data-settings=\"{&quot;background_background&quot;:&quot;gradient&quot;}\">\n\t\t\t\t\t<div class=\"e-con-inner\">\n\t\t\t\t<div class=\"elementor-element elementor-element-6bd7e79 elementor-widget elementor-widget-text-editor\" data-id=\"6bd7e79\" data-element_type=\"widget\" data-widget_type=\"text-editor.default\">\n\t\t\t\t<div class=\"elementor-widget-container\">\n\t\t\t\t\t\t\t<p style=\"text-align: center;\"><span style=\"color: #4a4d4e;\"><span style=\"font-size: 32px; font-family: arial, helvetica, sans-serif;\">\u00a0\u00bfQUI\u00c9NES SOMOS?<\/span><\/span><\/p>\t\t\t\t\t\t<\/div>\n\t\t\t\t<\/div>\n\t\t\t\t\t<\/div>\n\t\t\t\t<\/div>\n\t\t<div class=\"elementor-element elementor-element-d3ffa2c e-flex e-con-boxed e-con e-parent\" data-id=\"d3ffa2c\" data-element_type=\"container\">\n\t\t\t\t\t<div class=\"e-con-inner\">\n\t\t<div class=\"elementor-element elementor-element-e6180fd e-con-full e-flex e-con e-child\" data-id=\"e6180fd\" data-element_type=\"container\">\n\t\t<div class=\"elementor-element elementor-element-33bd360 e-con-full e-flex e-con e-child\" data-id=\"33bd360\" data-element_type=\"container\">\n\t\t<div class=\"elementor-element elementor-element-1ec0219 e-con-full e-flex e-con e-child\" data-id=\"1ec0219\" data-element_type=\"container\">\n\t\t\t\t<div class=\"elementor-element elementor-element-6d2d3e8 elementor-widget elementor-widget-image\" data-id=\"6d2d3e8\" data-element_type=\"widget\" data-widget_type=\"image.default\">\n\t\t\t\t<div class=\"elementor-widget-container\">\n\t\t\t\t\t\t\t\t\t\t\t\t\t<img fetchpriority=\"high\" decoding=\"async\" width=\"936\" height=\"1024\" src=\"https:\/\/www.contraloria.gob.pa\/observatorio-economico\/wp-content\/uploads\/2025\/08\/ASESORIA-ECONOMICA-scaled-1-936x1024.jpg\" class=\"attachment-large size-large wp-image-5085\" alt=\"\" srcset=\"https:\/\/www.contraloria.gob.pa\/observatorio-economico\/wp-content\/uploads\/2025\/08\/ASESORIA-ECONOMICA-scaled-1-936x1024.jpg 936w, https:\/\/www.contraloria.gob.pa\/observatorio-economico\/wp-content\/uploads\/2025\/08\/ASESORIA-ECONOMICA-scaled-1-274x300.jpg 274w, https:\/\/www.contraloria.gob.pa\/observatorio-economico\/wp-content\/uploads\/2025\/08\/ASESORIA-ECONOMICA-scaled-1-768x840.jpg 768w, https:\/\/www.contraloria.gob.pa\/observatorio-economico\/wp-content\/uploads\/2025\/08\/ASESORIA-ECONOMICA-scaled-1-1405x1536.jpg 1405w, https:\/\/www.contraloria.gob.pa\/observatorio-economico\/wp-content\/uploads\/2025\/08\/ASESORIA-ECONOMICA-scaled-1-1873x2048.jpg 1873w\" sizes=\"(max-width: 936px) 100vw, 936px\" \/>\t\t\t\t\t\t\t\t\t\t\t\t\t<\/div>\n\t\t\t\t<\/div>\n\t\t\t\t<\/div>\n\t\t\t\t<\/div>\n\t\t\t\t<\/div>\n\t\t<div class=\"elementor-element elementor-element-0e53f2f e-con-full e-flex e-con e-child\" data-id=\"0e53f2f\" data-element_type=\"container\">\n\t\t<div class=\"elementor-element elementor-element-983bd9f e-con-full e-flex e-con e-child\" data-id=\"983bd9f\" data-element_type=\"container\">\n\t\t\t\t<div class=\"elementor-element elementor-element-e77e2ce elementor-widget elementor-widget-heading\" data-id=\"e77e2ce\" data-element_type=\"widget\" data-widget_type=\"heading.default\">\n\t\t\t\t<div class=\"elementor-widget-container\">\n\t\t\t<h2 class=\"elementor-heading-title elementor-size-default\">\u00bfQUI\u00c9NES SOMOS?<\/h2>\t\t<\/div>\n\t\t\t\t<\/div>\n\t\t\t\t<div class=\"elementor-element elementor-element-6306843 elementor-widget__width-initial elementor-widget elementor-widget-text-editor\" data-id=\"6306843\" data-element_type=\"widget\" data-widget_type=\"text-editor.default\">\n\t\t\t\t<div class=\"elementor-widget-container\">\n\t\t\t\t\t\t\t<p style=\"text-align: justify;\">El Observatorio Econ\u00f3mico es una plataforma web que surge de la <em>Direcci\u00f3n Nacional de Asesor\u00eda Econ\u00f3mica y Financiera<\/em>, espec\u00edficamente del Departamento Estrat\u00e9gico de Investigaciones Econ\u00f3micas y Financieras, quien tiene como funciones generar investigaciones e informes de car\u00e1cter econ\u00f3mico, financiero y social, as\u00ed como analizar y realizar estimaciones y proyecciones de los principales indicadores macroecon\u00f3micos de la econom\u00eda paname\u00f1a, entre otros.<\/p><p style=\"text-align: justify;\">A trav\u00e9s del Observatorio Econ\u00f3mico se podr\u00e1 acceder a la visualizaci\u00f3n de datos en l\u00ednea centrados en el an\u00e1lisis de variables econ\u00f3micas y financieras que permitan ampliar informaci\u00f3n sobre el comportamiento de la econom\u00eda paname\u00f1a.<\/p>\t\t\t\t\t\t<\/div>\n\t\t\t\t<\/div>\n\t\t\t\t<\/div>\n\t\t<div class=\"elementor-element elementor-element-5e5b07b e-con-full e-flex e-con e-child\" data-id=\"5e5b07b\" data-element_type=\"container\">\n\t\t\t\t<div class=\"elementor-element elementor-element-9157135 elementor-widget elementor-widget-heading\" data-id=\"9157135\" data-element_type=\"widget\" data-widget_type=\"heading.default\">\n\t\t\t\t<div class=\"elementor-widget-container\">\n\t\t\t<h2 class=\"elementor-heading-title elementor-size-default\">OBJETIVOS<\/h2>\t\t<\/div>\n\t\t\t\t<\/div>\n\t\t\t\t<div class=\"elementor-element elementor-element-09ac618 elementor-widget__width-initial elementor-widget elementor-widget-text-editor\" data-id=\"09ac618\" data-element_type=\"widget\" data-widget_type=\"text-editor.default\">\n\t\t\t\t<div class=\"elementor-widget-container\">\n\t\t\t\t\t\t\t<ul>\n<li style=\"text-align: justify;\">Brindar mediante herramientas de visualizaci\u00f3n de datos en una plataforma digital, informaci\u00f3n econ\u00f3mica y financiera relevante de la econom\u00eda nacional a usuarios internos y externos a la instituci\u00f3n.<\/li>\n<li style=\"text-align: justify;\">Facilitar el acceso a informaci\u00f3n de \u00edndole econ\u00f3mica y financiera, de manera actualizada y expedita para una mejor toma de decisiones.<\/li>\n<\/ul>\t\t\t\t\t\t<\/div>\n\t\t\t\t<\/div>\n\t\t\t\t<\/div>\n\t\t\t\t<\/div>\n\t\t\t\t\t<\/div>\n\t\t\t\t<\/div>\n\t\t\t\t<\/div>\n\t\t","protected":false},"excerpt":{"rendered":"<p>\u00a0\u00bfQUI\u00c9NES SOMOS? \u00bfQUI\u00c9NES SOMOS? El Observatorio Econ\u00f3mico es una plataforma web que surge de la Direcci\u00f3n Nacional de Asesor\u00eda Econ\u00f3mica y Financiera, espec\u00edficamente del Departamento Estrat\u00e9gico de Investigaciones Econ\u00f3micas y Financieras, quien tiene como funciones generar investigaciones e informes de car\u00e1cter econ\u00f3mico, financiero y social, as\u00ed como analizar y realizar estimaciones y proyecciones de los&#8230;<\/p>\n","protected":false},"author":5,"featured_media":0,"parent":0,"menu_order":0,"comment_status":"closed","ping_status":"closed","template":"elementor_header_footer","meta":{"_kadence_starter_templates_imported_post":false,"_kad_post_transparent":"default","_kad_post_title":"hide","_kad_post_layout":"fullwidth","_kad_post_sidebar_id":"","_kad_post_content_style":"unboxed","_kad_post_vertical_padding":"hide","_kad_post_feature":"hide","_kad_post_feature_position":"","_kad_post_header":false,"_kad_post_footer":false,"footnotes":""},"class_list":["post-5113","page","type-page","status-publish","hentry"],"_links":{"self":[{"href":"https:\/\/www.contraloria.gob.pa\/observatorio-economico\/index.php\/wp-json\/wp\/v2\/pages\/5113","targetHints":{"allow":["GET"]}}],"collection":[{"href":"https:\/\/www.contraloria.gob.pa\/observatorio-economico\/index.php\/wp-json\/wp\/v2\/pages"}],"about":[{"href":"https:\/\/www.contraloria.gob.pa\/observatorio-economico\/index.php\/wp-json\/wp\/v2\/types\/page"}],"author":[{"embeddable":true,"href":"https:\/\/www.contraloria.gob.pa\/observatorio-economico\/index.php\/wp-json\/wp\/v2\/users\/5"}],"replies":[{"embeddable":true,"href":"https:\/\/www.contraloria.gob.pa\/observatorio-economico\/index.php\/wp-json\/wp\/v2\/comments?post=5113"}],"version-history":[{"count":11,"href":"https:\/\/www.contraloria.gob.pa\/observatorio-economico\/index.php\/wp-json\/wp\/v2\/pages\/5113\/revisions"}],"predecessor-version":[{"id":5265,"href":"https:\/\/www.contraloria.gob.pa\/observatorio-economico\/index.php\/wp-json\/wp\/v2\/pages\/5113\/revisions\/5265"}],"wp:attachment":[{"href":"https:\/\/www.contraloria.gob.pa\/observatorio-economico\/index.php\/wp-json\/wp\/v2\/media?parent=5113"}],"curies":[{"name":"wp","href":"https:\/\/api.w.org\/{rel}","templated":true}]}}