{"id":5280,"date":"2025-08-13T13:57:29","date_gmt":"2025-08-13T18:57:29","guid":{"rendered":"https:\/\/www.contraloria.gob.pa\/observatorio-economico\/?page_id=5280"},"modified":"2025-10-10T16:56:25","modified_gmt":"2025-10-10T21:56:25","slug":"estudios-economicos","status":"publish","type":"page","link":"https:\/\/www.contraloria.gob.pa\/observatorio-economico\/index.php\/estudios-economicos\/","title":{"rendered":"ESTUDIOS ECON\u00d3MICOS"},"content":{"rendered":"\t\t<div data-elementor-type=\"wp-page\" data-elementor-id=\"5280\" class=\"elementor elementor-5280\" data-elementor-post-type=\"page\">\n\t\t\t\t<div class=\"elementor-element elementor-element-2183c31 e-flex e-con-boxed e-con e-parent\" data-id=\"2183c31\" data-element_type=\"container\" data-settings=\"{&quot;background_background&quot;:&quot;gradient&quot;}\">\n\t\t\t\t\t<div class=\"e-con-inner\">\n\t\t\t\t<div class=\"elementor-element elementor-element-e4cd6b8 elementor-widget__width-initial elementor-widget elementor-widget-text-editor\" data-id=\"e4cd6b8\" data-element_type=\"widget\" data-widget_type=\"text-editor.default\">\n\t\t\t\t<div class=\"elementor-widget-container\">\n\t\t\t\t\t\t\t<p style=\"text-align: center;\"><span style=\"color: #4a4d4e;\"><span style=\"font-size: 32px; font-family: arial, helvetica, sans-serif;\">ESTUDIOS ECON\u00d3MICOS<\/span><\/span><\/p>\t\t\t\t\t\t<\/div>\n\t\t\t\t<\/div>\n\t\t\t\t\t<\/div>\n\t\t\t\t<\/div>\n\t\t<div class=\"elementor-element elementor-element-d9faf37 elementor-hidden-desktop elementor-hidden-laptop elementor-hidden-tablet elementor-hidden-mobile e-flex e-con-boxed e-con e-parent\" data-id=\"d9faf37\" data-element_type=\"container\">\n\t\t\t\t\t<div class=\"e-con-inner\">\n\t\t<div class=\"elementor-element elementor-element-da8a17d e-con-full e-flex e-con e-child\" data-id=\"da8a17d\" data-element_type=\"container\">\n\t\t\t\t<div class=\"elementor-element elementor-element-2774e64 elementor-widget elementor-widget-spacer\" data-id=\"2774e64\" data-element_type=\"widget\" data-widget_type=\"spacer.default\">\n\t\t\t\t<div class=\"elementor-widget-container\">\n\t\t\t\t\t<div class=\"elementor-spacer\">\n\t\t\t<div class=\"elementor-spacer-inner\"><\/div>\n\t\t<\/div>\n\t\t\t\t<\/div>\n\t\t\t\t<\/div>\n\t\t<div class=\"elementor-element elementor-element-25da17b e-con-full e-flex e-con e-child\" data-id=\"25da17b\" data-element_type=\"container\">\n\t\t\t\t<div class=\"elementor-element elementor-element-3da6807 elementor-widget__width-inherit elementor-widget elementor-widget-heading\" data-id=\"3da6807\" data-element_type=\"widget\" data-widget_type=\"heading.default\">\n\t\t\t\t<div class=\"elementor-widget-container\">\n\t\t\t<h4 class=\"elementor-heading-title elementor-size-default\">A\u00f1o 2024<\/h4>\t\t<\/div>\n\t\t\t\t<\/div>\n\t\t<div class=\"elementor-element elementor-element-0f2d1c2 e-con-full e-flex e-con e-child\" data-id=\"0f2d1c2\" data-element_type=\"container\">\n\t\t\t\t<div class=\"elementor-element elementor-element-28b8143 elementor-widget__width-initial elementor-widget elementor-widget-text-editor\" data-id=\"28b8143\" data-element_type=\"widget\" data-widget_type=\"text-editor.default\">\n\t\t\t\t<div class=\"elementor-widget-container\">\n\t\t\t\t\t\t\t<p>An\u00e1lisis Econ\u00f3mico de la Calificaci\u00f3n de Fitch Ratings a Panam\u00e1 2024<\/p>\t\t\t\t\t\t<\/div>\n\t\t\t\t<\/div>\n\t\t\t\t<div class=\"elementor-element elementor-element-bc99f93 elementor-widget__width-initial elementor-widget elementor-widget-text-editor\" data-id=\"bc99f93\" data-element_type=\"widget\" data-widget_type=\"text-editor.default\">\n\t\t\t\t<div class=\"elementor-widget-container\">\n\t\t\t\t\t\t\t<p>Ver <a href=\"https:\/\/www.contraloria.gob.pa\/observatorio-economico\/wp-content\/uploads\/2024\/06\/27_1_PUBLICACION.pdf\" target=\"_blank\" rel=\"noopener\">PDF<\/a><\/p>\t\t\t\t\t\t<\/div>\n\t\t\t\t<\/div>\n\t\t\t\t<\/div>\n\t\t\t\t<div class=\"elementor-element elementor-element-cfb4e4b elementor-widget__width-inherit elementor-widget elementor-widget-heading\" data-id=\"cfb4e4b\" data-element_type=\"widget\" data-widget_type=\"heading.default\">\n\t\t\t\t<div class=\"elementor-widget-container\">\n\t\t\t<h4 class=\"elementor-heading-title elementor-size-default\">A\u00f1o 2023<\/h4>\t\t<\/div>\n\t\t\t\t<\/div>\n\t\t<div class=\"elementor-element elementor-element-109b50c e-con-full e-flex e-con e-child\" data-id=\"109b50c\" data-element_type=\"container\">\n\t\t\t\t<div class=\"elementor-element elementor-element-e7f67e7 elementor-widget__width-initial elementor-widget elementor-widget-text-editor\" data-id=\"e7f67e7\" data-element_type=\"widget\" data-widget_type=\"text-editor.default\">\n\t\t\t\t<div class=\"elementor-widget-container\">\n\t\t\t\t\t\t\t<p>An\u00e1lisis de las protestas en Panam\u00e1 sobre algunas actividades econ\u00f3micas Octubre-Diciembre 2023<\/p>\t\t\t\t\t\t<\/div>\n\t\t\t\t<\/div>\n\t\t\t\t<div class=\"elementor-element elementor-element-052945e elementor-widget__width-initial elementor-widget elementor-widget-text-editor\" data-id=\"052945e\" data-element_type=\"widget\" data-widget_type=\"text-editor.default\">\n\t\t\t\t<div class=\"elementor-widget-container\">\n\t\t\t\t\t\t\t<p>Ver <a href=\"https:\/\/www.contraloria.gob.pa\/observatorio-economico\/wp-content\/uploads\/2024\/06\/31_1_PUBLICACION.pdf\" target=\"_blank\" rel=\"noopener\">PDF<\/a><\/p>\t\t\t\t\t\t<\/div>\n\t\t\t\t<\/div>\n\t\t\t\t<\/div>\n\t\t\t\t<\/div>\n\t\t\t\t<\/div>\n\t\t\t\t\t<\/div>\n\t\t\t\t<\/div>\n\t\t<div class=\"elementor-element elementor-element-a12b88e e-flex e-con-boxed e-con e-parent\" data-id=\"a12b88e\" data-element_type=\"container\">\n\t\t\t\t\t<div class=\"e-con-inner\">\n\t\t\t\t<div class=\"elementor-element elementor-element-6412684 elementor-widget__width-initial elementor-widget elementor-widget-image\" data-id=\"6412684\" data-element_type=\"widget\" data-widget_type=\"image.default\">\n\t\t\t\t<div class=\"elementor-widget-container\">\n\t\t\t\t\t\t\t\t\t\t\t\t\t\t<a href=\"https:\/\/www.contraloria.gob.pa\/observatorio-economico\/index.php\/investigaciones\/\">\n\t\t\t\t\t\t\t<img fetchpriority=\"high\" decoding=\"async\" width=\"640\" height=\"282\" src=\"https:\/\/www.contraloria.gob.pa\/observatorio-economico\/wp-content\/uploads\/2025\/08\/Siluetas-adicionales-OE_Mesa-de-trabajo-1-copia-2.png\" class=\"elementor-animation-pulse attachment-large size-large wp-image-5148\" alt=\"\" srcset=\"https:\/\/www.contraloria.gob.pa\/observatorio-economico\/wp-content\/uploads\/2025\/08\/Siluetas-adicionales-OE_Mesa-de-trabajo-1-copia-2.png 640w, https:\/\/www.contraloria.gob.pa\/observatorio-economico\/wp-content\/uploads\/2025\/08\/Siluetas-adicionales-OE_Mesa-de-trabajo-1-copia-2-300x132.png 300w\" sizes=\"(max-width: 640px) 100vw, 640px\" \/>\t\t\t\t\t\t\t\t<\/a>\n\t\t\t\t\t\t\t\t\t\t\t\t\t<\/div>\n\t\t\t\t<\/div>\n\t\t\t\t<div class=\"elementor-element elementor-element-f060566 elementor-widget__width-initial elementor-widget elementor-widget-image\" data-id=\"f060566\" data-element_type=\"widget\" data-widget_type=\"image.default\">\n\t\t\t\t<div class=\"elementor-widget-container\">\n\t\t\t\t\t\t\t\t\t\t\t\t\t\t<a href=\"https:\/\/www.contraloria.gob.pa\/observatorio-economico\/index.php\/estudios-economicos\/\">\n\t\t\t\t\t\t\t<img decoding=\"async\" width=\"640\" height=\"282\" src=\"https:\/\/www.contraloria.gob.pa\/observatorio-economico\/wp-content\/uploads\/2025\/08\/Siluetas-adicionales-OE_Mesa-de-trabajo-1-copia.png\" class=\"elementor-animation-pulse attachment-large size-large wp-image-5150\" alt=\"\" srcset=\"https:\/\/www.contraloria.gob.pa\/observatorio-economico\/wp-content\/uploads\/2025\/08\/Siluetas-adicionales-OE_Mesa-de-trabajo-1-copia.png 640w, https:\/\/www.contraloria.gob.pa\/observatorio-economico\/wp-content\/uploads\/2025\/08\/Siluetas-adicionales-OE_Mesa-de-trabajo-1-copia-300x132.png 300w\" sizes=\"(max-width: 640px) 100vw, 640px\" \/>\t\t\t\t\t\t\t\t<\/a>\n\t\t\t\t\t\t\t\t\t\t\t\t\t<\/div>\n\t\t\t\t<\/div>\n\t\t\t\t<div class=\"elementor-element elementor-element-a0e0c26 elementor-widget__width-initial elementor-widget elementor-widget-image\" data-id=\"a0e0c26\" data-element_type=\"widget\" data-widget_type=\"image.default\">\n\t\t\t\t<div class=\"elementor-widget-container\">\n\t\t\t\t\t\t\t\t\t\t\t\t\t\t<a href=\"https:\/\/www.contraloria.gob.pa\/observatorio-economico\/index.php\/informes-de-conyuntura\/\">\n\t\t\t\t\t\t\t<img decoding=\"async\" width=\"640\" height=\"282\" src=\"https:\/\/www.contraloria.gob.pa\/observatorio-economico\/wp-content\/uploads\/2025\/08\/Siluetas-adicionales-OE_Mesa-de-trabajo-1-copia-3.png\" class=\"elementor-animation-pulse attachment-large size-large wp-image-5149\" alt=\"\" srcset=\"https:\/\/www.contraloria.gob.pa\/observatorio-economico\/wp-content\/uploads\/2025\/08\/Siluetas-adicionales-OE_Mesa-de-trabajo-1-copia-3.png 640w, https:\/\/www.contraloria.gob.pa\/observatorio-economico\/wp-content\/uploads\/2025\/08\/Siluetas-adicionales-OE_Mesa-de-trabajo-1-copia-3-300x132.png 300w\" sizes=\"(max-width: 640px) 100vw, 640px\" \/>\t\t\t\t\t\t\t\t<\/a>\n\t\t\t\t\t\t\t\t\t\t\t\t\t<\/div>\n\t\t\t\t<\/div>\n\t\t\t\t<div class=\"elementor-element elementor-element-3cefdcd elementor-widget__width-initial elementor-widget elementor-widget-image\" data-id=\"3cefdcd\" data-element_type=\"widget\" data-widget_type=\"image.default\">\n\t\t\t\t<div class=\"elementor-widget-container\">\n\t\t\t\t\t\t\t\t\t\t\t\t\t\t<a href=\"https:\/\/www.contraloria.gob.pa\/observatorio-economico\/index.php\/nota-metodologica\/\">\n\t\t\t\t\t\t\t<img loading=\"lazy\" decoding=\"async\" width=\"640\" height=\"282\" src=\"https:\/\/www.contraloria.gob.pa\/observatorio-economico\/wp-content\/uploads\/2025\/09\/Siluetas-adicionales7-OE.png\" class=\"elementor-animation-pulse attachment-large size-large wp-image-5897\" alt=\"\" srcset=\"https:\/\/www.contraloria.gob.pa\/observatorio-economico\/wp-content\/uploads\/2025\/09\/Siluetas-adicionales7-OE.png 640w, https:\/\/www.contraloria.gob.pa\/observatorio-economico\/wp-content\/uploads\/2025\/09\/Siluetas-adicionales7-OE-300x132.png 300w\" sizes=\"(max-width: 640px) 100vw, 640px\" \/>\t\t\t\t\t\t\t\t<\/a>\n\t\t\t\t\t\t\t\t\t\t\t\t\t<\/div>\n\t\t\t\t<\/div>\n\t\t\t\t\t<\/div>\n\t\t\t\t<\/div>\n\t\t<div class=\"elementor-element elementor-element-adf81e2 e-flex e-con-boxed e-con e-parent\" data-id=\"adf81e2\" data-element_type=\"container\">\n\t\t\t\t\t<div class=\"e-con-inner\">\n\t\t<div class=\"elementor-element elementor-element-44391c8 e-con-full e-flex e-con e-child\" data-id=\"44391c8\" data-element_type=\"container\">\n\t\t<div class=\"elementor-element elementor-element-6ee9b50 e-flex e-con-boxed e-con e-child\" data-id=\"6ee9b50\" data-element_type=\"container\">\n\t\t\t\t\t<div class=\"e-con-inner\">\n\t\t\t\t<div class=\"elementor-element elementor-element-e9472df elementor-widget__width-initial elementor-widget elementor-widget-shortcode\" data-id=\"e9472df\" data-element_type=\"widget\" data-widget_type=\"shortcode.default\">\n\t\t\t\t<div class=\"elementor-widget-container\">\n\t\t\t\t\t<div class=\"elementor-shortcode\">\n<table id=\"tablepress-4\" class=\"tablepress tablepress-id-4\">\n<thead>\n<tr class=\"row-1\">\n\t<th class=\"column-1\">A\u00d1O<\/th><th class=\"column-2\">T\u00cdTULO<\/th><th class=\"column-3\">AUTOR<\/th><th class=\"column-4\">TEMA<\/th><th class=\"column-5\">PDF<\/th>\n<\/tr>\n<\/thead>\n<tbody class=\"row-striping row-hover\">\n<tr class=\"row-2\">\n\t<td class=\"column-1\">2026<\/td><td class=\"column-2\">Poblaci\u00f3n Ocupada y Empleada en Panam\u00e1: Tendencias y Cambios Sectoriales 2025<\/td><td class=\"column-3\">Depto. Estrat\u00e9gico de Investigaciones Econ\u00f3micas y Financieras<\/td><td class=\"column-4\">ESTUDIOS ECON\u00d3MICOS<\/td><td class=\"column-5\"><a href=\"https:\/\/www.contraloria.gob.pa\/observatorio-economico\/wp-content\/uploads\/2026\/04\/Poblacion-Ocupada-y-Empleada-2025-Portada-Nueva.pdf\" target=\"_blank\">Ver<\/a><\/td>\n<\/tr>\n<tr class=\"row-3\">\n\t<td class=\"column-1\">2026<\/td><td class=\"column-2\">Efectos del precio del petr\u00f3leo en Panam\u00e1 canasta transporte y finanzas p\u00fablica<\/td><td class=\"column-3\">Depto. Estrat\u00e9gico de Investigaciones Econ\u00f3micas y Financieras<\/td><td class=\"column-4\">ESTUDIOS ECON\u00d3MICOS<\/td><td class=\"column-5\"><a href=\"https:\/\/www.contraloria.gob.pa\/observatorio-economico\/wp-content\/uploads\/2026\/04\/Efectos-del-precio-del-petroleo-en-Panama-canasta-transporte-y-finanzas-publicas-2022-2026.pdf\" target=\"_blank\">Ver<\/a><\/td>\n<\/tr>\n<tr class=\"row-4\">\n\t<td class=\"column-1\">2026<\/td><td class=\"column-2\">Del conflicto global al precio local an\u00e1lisis del efecto traspaso en los combustibles en Panam\u00e1 - Primer trimestre 2026<\/td><td class=\"column-3\">Depto. Estrat\u00e9gico de Investigaciones Econ\u00f3micas y Financieras<\/td><td class=\"column-4\">ESTUDIOS ECON\u00d3MICOS<\/td><td class=\"column-5\"><a href=\"https:\/\/www.contraloria.gob.pa\/observatorio-economico\/wp-content\/uploads\/2026\/04\/Del-conflicto-global-al-precio-local-analisis-del-efecto-traspaso-en-los-combustibles-en-Panama-primer-trimestre-de-2026.pdf\" target=\"_blank\">Ver<\/a><\/td>\n<\/tr>\n<tr class=\"row-5\">\n\t<td class=\"column-1\">2026<\/td><td class=\"column-2\">Din\u00e1mica del Precio Internacional de los Metales. A\u00f1os 2020-2025<\/td><td class=\"column-3\">Depto. Estrat\u00e9gico de Investigaciones Econ\u00f3micas y Financieras<\/td><td class=\"column-4\">ESTUDIOS ECON\u00d3MICOS<\/td><td class=\"column-5\"><a href=\"https:\/\/www.contraloria.gob.pa\/observatorio-economico\/wp-content\/uploads\/2026\/02\/Dinamica-de-Precios-Internacionales-de-los-Metales.-Ano-2020-2025.pdf\" target=\"_blank\">Ver<\/a><\/td>\n<\/tr>\n<tr class=\"row-6\">\n\t<td class=\"column-1\">2025<\/td><td class=\"column-2\">MERCOSUR: Objetivo Econ\u00f3mico y Oportunidades para Panam\u00e1<\/td><td class=\"column-3\">Depto. Estrat\u00e9gico de Investigaciones Econ\u00f3micas y Financieras<\/td><td class=\"column-4\">ESTUDIOS ECON\u00d3MICOS<\/td><td class=\"column-5\"><a href=\"https:\/\/www.contraloria.gob.pa\/observatorio-economico\/wp-content\/uploads\/2025\/10\/Estudios-Economico-MERCOSUR-Objetivos-Economicos-y-Oportunidades-para-Panama.pdf\" target=\"_blank\">Ver<\/a><\/td>\n<\/tr>\n<tr class=\"row-7\">\n\t<td class=\"column-1\">2024<\/td><td class=\"column-2\">An\u00e1lisis Econ\u00f3mico de la Calificaci\u00f3n de Fitch Ratings a Panam\u00e1<\/td><td class=\"column-3\">Depto. Estrat\u00e9gico de Investigaciones Econ\u00f3micas y Financieras<\/td><td class=\"column-4\">ESTUDIOS ECON\u00d3MICOS<\/td><td class=\"column-5\"><a href=\"https:\/\/www.contraloria.gob.pa\/observatorio-economico\/wp-content\/uploads\/2024\/06\/27_1_PUBLICACION.pdf\" target=\"_blank\">Ver<\/a><\/td>\n<\/tr>\n<tr class=\"row-8\">\n\t<td class=\"column-1\">2023<\/td><td class=\"column-2\">An\u00e1lisis de las protestas en Panam\u00e1 sobre algunas actividades econ\u00f3micas Octubre-Diciembre<\/td><td class=\"column-3\">Depto. Estrat\u00e9gico de Investigaciones Econ\u00f3micas y Financieras<\/td><td class=\"column-4\">ESTUDIOS ECON\u00d3MICOS<\/td><td class=\"column-5\"><a href=\"https:\/\/www.contraloria.gob.pa\/observatorio-economico\/wp-content\/uploads\/2024\/06\/31_1_PUBLICACION.pdf\" target=\"_blank\">Ver<\/a><\/td>\n<\/tr>\n<\/tbody>\n<\/table>\n<\/div>\n\t\t\t\t<\/div>\n\t\t\t\t<\/div>\n\t\t\t\t\t<\/div>\n\t\t\t\t<\/div>\n\t\t\t\t<\/div>\n\t\t\t\t\t<\/div>\n\t\t\t\t<\/div>\n\t\t<div class=\"elementor-element elementor-element-6599d0f e-flex e-con-boxed e-con e-parent\" data-id=\"6599d0f\" data-element_type=\"container\">\n\t\t\t\t\t<div class=\"e-con-inner\">\n\t\t\t\t\t<\/div>\n\t\t\t\t<\/div>\n\t\t<div class=\"elementor-element elementor-element-f9f59ec e-flex e-con-boxed e-con e-parent\" data-id=\"f9f59ec\" data-element_type=\"container\">\n\t\t\t\t\t<div class=\"e-con-inner\">\n\t\t\t\t\t<\/div>\n\t\t\t\t<\/div>\n\t\t\t\t<\/div>\n\t\t","protected":false},"excerpt":{"rendered":"<p>ESTUDIOS ECON\u00d3MICOS A\u00f1o 2024 An\u00e1lisis Econ\u00f3mico de la Calificaci\u00f3n de Fitch Ratings a Panam\u00e1 2024 Ver PDF A\u00f1o 2023 An\u00e1lisis de las protestas en Panam\u00e1 sobre algunas actividades econ\u00f3micas Octubre-Diciembre 2023 Ver PDF<\/p>\n","protected":false},"author":5,"featured_media":0,"parent":0,"menu_order":0,"comment_status":"closed","ping_status":"closed","template":"elementor_header_footer","meta":{"_kadence_starter_templates_imported_post":false,"_kad_post_transparent":"default","_kad_post_title":"hide","_kad_post_layout":"fullwidth","_kad_post_sidebar_id":"","_kad_post_content_style":"unboxed","_kad_post_vertical_padding":"hide","_kad_post_feature":"hide","_kad_post_feature_position":"","_kad_post_header":false,"_kad_post_footer":false,"footnotes":""},"class_list":["post-5280","page","type-page","status-publish","hentry"],"_links":{"self":[{"href":"https:\/\/www.contraloria.gob.pa\/observatorio-economico\/index.php\/wp-json\/wp\/v2\/pages\/5280","targetHints":{"allow":["GET"]}}],"collection":[{"href":"https:\/\/www.contraloria.gob.pa\/observatorio-economico\/index.php\/wp-json\/wp\/v2\/pages"}],"about":[{"href":"https:\/\/www.contraloria.gob.pa\/observatorio-economico\/index.php\/wp-json\/wp\/v2\/types\/page"}],"author":[{"embeddable":true,"href":"https:\/\/www.contraloria.gob.pa\/observatorio-economico\/index.php\/wp-json\/wp\/v2\/users\/5"}],"replies":[{"embeddable":true,"href":"https:\/\/www.contraloria.gob.pa\/observatorio-economico\/index.php\/wp-json\/wp\/v2\/comments?post=5280"}],"version-history":[{"count":70,"href":"https:\/\/www.contraloria.gob.pa\/observatorio-economico\/index.php\/wp-json\/wp\/v2\/pages\/5280\/revisions"}],"predecessor-version":[{"id":6250,"href":"https:\/\/www.contraloria.gob.pa\/observatorio-economico\/index.php\/wp-json\/wp\/v2\/pages\/5280\/revisions\/6250"}],"wp:attachment":[{"href":"https:\/\/www.contraloria.gob.pa\/observatorio-economico\/index.php\/wp-json\/wp\/v2\/media?parent=5280"}],"curies":[{"name":"wp","href":"https:\/\/api.w.org\/{rel}","templated":true}]}}