{"id":5315,"date":"2025-08-13T15:17:54","date_gmt":"2025-08-13T20:17:54","guid":{"rendered":"https:\/\/www.contraloria.gob.pa\/observatorio-economico\/?page_id=5315"},"modified":"2025-11-14T15:00:59","modified_gmt":"2025-11-14T20:00:59","slug":"riesgo-pais","status":"publish","type":"page","link":"https:\/\/www.contraloria.gob.pa\/observatorio-economico\/index.php\/riesgo-pais\/","title":{"rendered":"RIESGO PA\u00cdS"},"content":{"rendered":"\t\t<div data-elementor-type=\"wp-page\" data-elementor-id=\"5315\" class=\"elementor elementor-5315\" data-elementor-post-type=\"page\">\n\t\t\t\t<div class=\"elementor-element elementor-element-3fe3551 e-flex e-con-boxed e-con e-parent\" data-id=\"3fe3551\" data-element_type=\"container\" data-settings=\"{&quot;background_background&quot;:&quot;gradient&quot;}\">\n\t\t\t\t\t<div class=\"e-con-inner\">\n\t\t\t\t<div class=\"elementor-element elementor-element-9cd83a1 elementor-widget elementor-widget-text-editor\" data-id=\"9cd83a1\" data-element_type=\"widget\" data-widget_type=\"text-editor.default\">\n\t\t\t\t<div class=\"elementor-widget-container\">\n\t\t\t\t\t\t\t<p style=\"text-align: center;\"><span style=\"color: #4a4d4e;\"><span style=\"font-size: 32px; font-family: arial, helvetica, sans-serif;\">\u00a0RIESGO PA\u00cdS<\/span><\/span><\/p>\t\t\t\t\t\t<\/div>\n\t\t\t\t<\/div>\n\t\t\t\t\t<\/div>\n\t\t\t\t<\/div>\n\t\t<div class=\"elementor-element elementor-element-7e12c25 e-con-full e-flex e-con e-parent\" data-id=\"7e12c25\" data-element_type=\"container\">\n\t\t\t\t<div class=\"elementor-element elementor-element-bb60d58 elementor-widget__width-initial elementor-widget elementor-widget-text-editor\" data-id=\"bb60d58\" data-element_type=\"widget\" data-widget_type=\"text-editor.default\">\n\t\t\t\t<div class=\"elementor-widget-container\">\n\t\t\t\t\t\t\t<p>Resume las evaluaciones y enfoques de perspectivas, por parte de las principales agencias internacionales calificadoras de riesgo, para Panam\u00e1 desde 1998.<\/p><p>La calificaci\u00f3n de riesgo es la percepci\u00f3n que se tiene sobre la capacidad de un emisor para hacer frente a sus obligaciones seg\u00fan los t\u00e9rminos y plazos acordados. La calificaci\u00f3n de riesgo no constituye una recomendaci\u00f3n para comprar, vender o mantener determinados instrumentos, por cuanto no considera los precios de mercado ni la estrategia de inversi\u00f3n del inversionista.<\/p>\t\t\t\t\t\t<\/div>\n\t\t\t\t<\/div>\n\t\t\t\t<\/div>\n\t\t<div class=\"elementor-element elementor-element-5079740 e-flex e-con-boxed e-con e-parent\" data-id=\"5079740\" data-element_type=\"container\">\n\t\t\t\t\t<div class=\"e-con-inner\">\n\t\t\t\t<div class=\"elementor-element elementor-element-09a0e89 elementor-widget elementor-widget-image\" data-id=\"09a0e89\" data-element_type=\"widget\" data-widget_type=\"image.default\">\n\t\t\t\t<div class=\"elementor-widget-container\">\n\t\t\t\t\t\t\t\t\t\t\t\t\t<img fetchpriority=\"high\" decoding=\"async\" width=\"1024\" height=\"62\" src=\"https:\/\/www.contraloria.gob.pa\/observatorio-economico\/wp-content\/uploads\/2025\/08\/grado-de-inversion-Ob-Ec.-Recuperado-1024x62.png\" class=\"attachment-large size-large wp-image-5318\" alt=\"\" srcset=\"https:\/\/www.contraloria.gob.pa\/observatorio-economico\/wp-content\/uploads\/2025\/08\/grado-de-inversion-Ob-Ec.-Recuperado-1024x62.png 1024w, https:\/\/www.contraloria.gob.pa\/observatorio-economico\/wp-content\/uploads\/2025\/08\/grado-de-inversion-Ob-Ec.-Recuperado-300x18.png 300w, https:\/\/www.contraloria.gob.pa\/observatorio-economico\/wp-content\/uploads\/2025\/08\/grado-de-inversion-Ob-Ec.-Recuperado-768x46.png 768w, https:\/\/www.contraloria.gob.pa\/observatorio-economico\/wp-content\/uploads\/2025\/08\/grado-de-inversion-Ob-Ec.-Recuperado-1536x93.png 1536w, https:\/\/www.contraloria.gob.pa\/observatorio-economico\/wp-content\/uploads\/2025\/08\/grado-de-inversion-Ob-Ec.-Recuperado-2048x124.png 2048w\" sizes=\"(max-width: 1024px) 100vw, 1024px\" \/>\t\t\t\t\t\t\t\t\t\t\t\t\t<\/div>\n\t\t\t\t<\/div>\n\t\t\t\t\t<\/div>\n\t\t\t\t<\/div>\n\t\t<div class=\"elementor-element elementor-element-db52e26 e-flex e-con-boxed e-con e-parent\" data-id=\"db52e26\" data-element_type=\"container\">\n\t\t\t\t\t<div class=\"e-con-inner\">\n\t\t\t\t<div class=\"elementor-element elementor-element-9d64e77 elementor-widget elementor-widget-image\" data-id=\"9d64e77\" data-element_type=\"widget\" data-widget_type=\"image.default\">\n\t\t\t\t<div class=\"elementor-widget-container\">\n\t\t\t\t\t\t\t\t\t\t\t\t\t\t<a href=\"https:\/\/www.contraloria.gob.pa\/observatorio-economico\/wp-content\/uploads\/2025\/11\/Riesgo-pais-Alerta-descarga-.xlsx\">\n\t\t\t\t\t\t\t<img decoding=\"async\" width=\"288\" height=\"286\" src=\"https:\/\/www.contraloria.gob.pa\/observatorio-economico\/wp-content\/uploads\/2025\/08\/excel-2013-1-4.png\" class=\"attachment-medium size-medium wp-image-5317\" alt=\"\" srcset=\"https:\/\/www.contraloria.gob.pa\/observatorio-economico\/wp-content\/uploads\/2025\/08\/excel-2013-1-4.png 288w, https:\/\/www.contraloria.gob.pa\/observatorio-economico\/wp-content\/uploads\/2025\/08\/excel-2013-1-4-150x150.png 150w\" sizes=\"(max-width: 288px) 100vw, 288px\" \/>\t\t\t\t\t\t\t\t<\/a>\n\t\t\t\t\t\t\t\t\t\t\t\t\t<\/div>\n\t\t\t\t<\/div>\n\t\t\t\t\t<\/div>\n\t\t\t\t<\/div>\n\t\t<div class=\"elementor-element elementor-element-b71599a e-flex e-con-boxed e-con e-parent\" data-id=\"b71599a\" data-element_type=\"container\">\n\t\t\t\t\t<div class=\"e-con-inner\">\n\t\t\t\t<div class=\"elementor-element elementor-element-84a4cb5 elementor-widget__width-initial elementor-widget elementor-widget-html\" data-id=\"84a4cb5\" data-element_type=\"widget\" data-widget_type=\"html.default\">\n\t\t\t\t<div class=\"elementor-widget-container\">\n\t\t\t<!DOCTYPE html>\n<html lang=\"es\">\n<head>\n    <meta charset=\"UTF-8\">\n    <title>Riesgo Pa\u00eds<\/title>\n    <style>\n        table, th, td {\n            border: 1px solid black;\n            border-collapse: collapse;\n            padding: 3px;\n            padding-right: 8px;\n        }\n\n        td {\n            text-align: right;\n        }\n\n        td:nth-child(5) {\n            text-align: center;\n        }\n\n        .filterContainer {\n            display: flex;\n            gap: 20px;\n            justify-content: space-between;\n        }\n\n        .itemContainer {\n            display: block;\n            flex: 1;\n        }\n\n        .estadoCirculo {\n            width: 20px;\n            height: 20px;\n            border-radius: 50%;\n            display: inline-block;\n            margin: 0 auto;\n        }\n\n        .gradoInversion {\n            background-color: green;\n            border: 1px solid black;\n        }\n\n        .gradoNoInversion {\n            background-color: yellow;\n            border: 1px solid black;\n        }\n\n        .gradoEspeculativo {\n            background-color: yellow;\n            border: 1px solid black;\n        }\n\n        .celda-estado {\n            text-align: center;\n        }\n\n        .texto-oculto {\n            position: absolute;\n            width: 1px;\n            height: 1px;\n            padding: 0;\n            margin: -1px;\n            overflow: hidden;\n            clip: rect(0, 0, 0, 0);\n            border: 0;\n        }\n\n        label, select {\n            display: block;\n            margin-bottom: 5px;\n        }\n\n        .tabla-scroll {\n            max-height: 50vh;\n            overflow-y: auto;\n            overflow-x: auto;\n            border: 1px solid #ccc;\n        }\n\n        html, body {\n            height: 100%;\n            margin: 0;\n            padding: 0;\n        }\n\n        \/* Sticky headers con altura fija *\/\n        table thead tr:nth-child(1) th {\n            position: sticky;\n            top: 0;\n            height: 34px;\n            z-index: 3;\n        }\n\n        table thead tr:nth-child(2) th {\n            position: sticky;\n            top: 34px;\n            height: 34px;\n            z-index: 2;\n        }\n\n        table thead th {\n            background-color: #163a78;\n            color: white;\n            padding: 2px;\n            text-align: center;\n        }\n\n        \/* Opcional: prevenir desbordes de texto *\/\n        th, td {\n            max-width: 200px;\n            overflow: hidden;\n            text-overflow: ellipsis;\n            white-space: nowrap;\n        }\n    <\/style>\n<\/head>\n<body>\n\n<div class=\"tabla-scroll\">\n    <table id=\"tableRIESGOPAIS\" border=\"1\" style=\"width: 100%; min-width: 600px; border-collapse: collapse;\">\n        <thead>\n            <tr>\n                <th rowspan=\"2\">Fecha<\/th>\n                <th colspan=\"3\">Calificaci\u00f3n seg\u00fan Agencia<\/th>\n                <th rowspan=\"2\">Perspectivas<\/th>\n                <th rowspan=\"2\">Estado<\/th>\n            <\/tr>\n            <tr>\n                <th>Moody\u00b4s<\/th>\n                <th>Fitch Ratings<\/th>\n                <th>Standard & Poor's<\/th>\n            <\/tr>\n        <\/thead>\n        <tbody>\n        <\/tbody>\n    <\/table>\n<\/div>\n\n<script>\n    document.addEventListener(\"DOMContentLoaded\", function () {\n        loadData()\n    });\n\n    function loadData() {\n        let url = window.location.href;\n        let filePath = '';\n\n        if (url.includes('localhost')) {\n            filePath = 'http:\/\/localhost:100\/RiesgoPais\/dataSource_RiesgoPais.csv';\n        } else if (url.includes('www.contraloria.gob.pa')) {\n            filePath = 'https:\/\/www.contraloria.gob.pa\/observatorio-economico\/Repositorio\/dataSource_RiesgoPais.csv';\n        } else if (url.includes('www')) {\n            console.log('Entorno: Producci\u00f3n');\n            filePath = '';\n        }\n\n        var xhr = new XMLHttpRequest();\n        xhr.open('GET', filePath, true);\n        xhr.onload = function () {\n            if (xhr.status >= 200 && xhr.status < 300) {\n                const rows = xhr.responseText.split('\\n');\n                const tableBody = document.querySelector(\"#tableRIESGOPAIS tbody\");\n                tableBody.innerHTML = '';\n                rows.forEach(row => {\n                    const cols = row.split(';');\n                    if (cols.length === 6) {\n                        const rowHtml = document.createElement(\"tr\");\n                        cols.slice(0, 6).forEach((col, index) => {\n                            const cell = document.createElement(\"td\");\n\n                            if (index == 5) {\n                                cell.className = \"celda-estado\";\n                                cell.setAttribute('data-estado', col.trim());\n\n                                const circulo = document.createElement(\"span\");\n                                circulo.className = \"estadoCirculo\";\n\n                                const textoOculto = document.createElement(\"span\");\n                                textoOculto.className = \"texto-oculto\";\n                                textoOculto.textContent = col.trim();\n\n                                if (col.trim() == \"\") {\n                                    circulo.style.backgroundColor = \"white\";\n                                    circulo.style.border = \"1px solid #ccc\";\n                                }\n\n                                if (col.trim().toLowerCase() == \"grado de inversi\u00f3n\") {\n                                    circulo.classList.add(\"gradoInversion\");\n                                } else if (\n                                    [\"p\u00e9rdida de grado de inversi\u00f3n (especulativo\", \"especulativo\"].includes(col.trim().toLowerCase())\n                                ) {\n                                    circulo.classList.add(\"gradoNoInversion\");\n                                } else {\n                                    circulo.classList.add(\"gradoEspeculativo\");\n                                }\n\n                                cell.appendChild(circulo);\n                                cell.appendChild(textoOculto);\n                            } else {\n                                cell.textContent = col.trim();\n                            }\n\n                            rowHtml.appendChild(cell);\n                        });\n                        tableBody.appendChild(rowHtml);\n                    }\n                });\n            } else {\n                console.error('Error al cargar el archivo CSV:', xhr.statusText);\n            }\n        };\n        xhr.onerror = function () {\n            console.error('Error de conexi\u00f3n.');\n        };\n        xhr.send();\n    }\n<\/script>\n\n<\/body>\n<\/html>\n\t\t<\/div>\n\t\t\t\t<\/div>\n\t\t\t\t\t<\/div>\n\t\t\t\t<\/div>\n\t\t<div class=\"elementor-element elementor-element-a8d98e4 e-flex e-con-boxed e-con e-parent\" data-id=\"a8d98e4\" data-element_type=\"container\">\n\t\t\t\t\t<div class=\"e-con-inner\">\n\t\t<div class=\"elementor-element elementor-element-2932dce e-con-full e-flex e-con e-child\" data-id=\"2932dce\" data-element_type=\"container\">\n\t\t\t\t<div class=\"elementor-element elementor-element-afafbc5 elementor-widget elementor-widget-text-editor\" data-id=\"afafbc5\" data-element_type=\"widget\" data-widget_type=\"text-editor.default\">\n\t\t\t\t<div class=\"elementor-widget-container\">\n\t\t\t\t\t\t\t<h5><strong>Fuente: Standard &amp; Poor&#8217;s; Fitch Ratings; Moody\u00b4s, MEF<\/strong><\/h5>\t\t\t\t\t\t<\/div>\n\t\t\t\t<\/div>\n\t\t\t\t<\/div>\n\t\t\t\t\t<\/div>\n\t\t\t\t<\/div>\n\t\t<div class=\"elementor-element elementor-element-83b071b e-flex e-con-boxed e-con e-parent\" data-id=\"83b071b\" data-element_type=\"container\">\n\t\t\t\t\t<div class=\"e-con-inner\">\n\t\t\t\t<div class=\"elementor-element elementor-element-d5bb014 elementor-widget elementor-widget-n-accordion\" data-id=\"d5bb014\" data-element_type=\"widget\" data-settings=\"{&quot;default_state&quot;:&quot;all_collapsed&quot;,&quot;max_items_expended&quot;:&quot;one&quot;,&quot;n_accordion_animation_duration&quot;:{&quot;unit&quot;:&quot;ms&quot;,&quot;size&quot;:400,&quot;sizes&quot;:[]}}\" data-widget_type=\"nested-accordion.default\">\n\t\t\t\t<div class=\"elementor-widget-container\">\n\t\t\t\t\t<div class=\"e-n-accordion\" aria-label=\"Accordion. Open links with Enter or Space, close with Escape, and navigate with Arrow Keys\">\n\t\t\t\t\t\t<details id=\"e-n-accordion-item-2240\" class=\"e-n-accordion-item\" >\n\t\t\t\t<summary class=\"e-n-accordion-item-title\" data-accordion-index=\"1\" tabindex=\"0\" aria-expanded=\"false\" aria-controls=\"e-n-accordion-item-2240\" >\n\t\t\t\t\t<span class='e-n-accordion-item-title-header'><div class=\"e-n-accordion-item-title-text\"> \u00bfQu\u00e9 son las calificadoras de riesgos y cuales son enfoques o perspectivas en sus informes? <\/div><\/span>\n\t\t\t\t\t\t\t<span class='e-n-accordion-item-title-icon'>\n\t\t\t<span class='e-opened' ><svg aria-hidden=\"true\" class=\"e-font-icon-svg e-fas-minus\" viewBox=\"0 0 448 512\" xmlns=\"http:\/\/www.w3.org\/2000\/svg\"><path d=\"M416 208H32c-17.67 0-32 14.33-32 32v32c0 17.67 14.33 32 32 32h384c17.67 0 32-14.33 32-32v-32c0-17.67-14.33-32-32-32z\"><\/path><\/svg><\/span>\n\t\t\t<span class='e-closed'><svg aria-hidden=\"true\" class=\"e-font-icon-svg e-fas-plus\" viewBox=\"0 0 448 512\" xmlns=\"http:\/\/www.w3.org\/2000\/svg\"><path d=\"M416 208H272V64c0-17.67-14.33-32-32-32h-32c-17.67 0-32 14.33-32 32v144H32c-17.67 0-32 14.33-32 32v32c0 17.67 14.33 32 32 32h144v144c0 17.67 14.33 32 32 32h32c17.67 0 32-14.33 32-32V304h144c17.67 0 32-14.33 32-32v-32c0-17.67-14.33-32-32-32z\"><\/path><\/svg><\/span>\n\t\t<\/span>\n\n\t\t\t\t\t\t<\/summary>\n\t\t\t\t<div role=\"region\" aria-labelledby=\"e-n-accordion-item-2240\" class=\"elementor-element elementor-element-be5521d e-con-full e-flex e-con e-child\" data-id=\"be5521d\" data-element_type=\"container\">\n\t\t<div role=\"region\" aria-labelledby=\"e-n-accordion-item-2240\" class=\"elementor-element elementor-element-a888338 e-flex e-con-boxed e-con e-child\" data-id=\"a888338\" data-element_type=\"container\">\n\t\t\t\t\t<div class=\"e-con-inner\">\n\t\t\t\t<div class=\"elementor-element elementor-element-9525470 elementor-widget elementor-widget-text-editor\" data-id=\"9525470\" data-element_type=\"widget\" data-widget_type=\"text-editor.default\">\n\t\t\t\t<div class=\"elementor-widget-container\">\n\t\t\t\t\t\t\t<p><strong>Agencias calificadoras de riesgo:\u00a0<\/strong>Son entidades internacionales que eval\u00faan la\u00a0capacidad de un pa\u00eds (o empresa) para pagar sus deudas. Las principales calificadoras de riesgo que eval\u00faan la situaci\u00f3n financiera de Panam\u00e1 son<strong>\u00a0Fitch Ratings, Moody&#8217;s y Moody&#8217;s Local Panam\u00e1. <\/strong><\/p><p>Estas calificaciones al pa\u00eds son como si fueran notas. Tanto Fitch\u2019s como Standard &amp; Poor\u00b4s utulizan la misma nomenclatura a excepci\u00f3n de Moody\u00b4s. Estas notas indican si el pa\u00eds:<\/p><ul><li>Es confiable para pagar lo que debe.<\/li><li>Que exposici\u00f3n de riesgo de impago representa.<\/li><\/ul><p><strong>Enfoques de perspectivas:\u00a0<\/strong>Las agencias no solo dan una nota, tambi\u00e9n expresan su\u00a0<strong>opini\u00f3n sobre el futuro cercano\u00a0<\/strong>del pa\u00eds en t\u00e9rminos financieros:<\/p><ul><li>Perspectiva positiva:\u00a0podr\u00eda mejorar la calificaci\u00f3n.<\/li><li>Perspectiva estable:\u00a0se espera que se mantenga igual.<\/li><li>Perspectiva negativa:\u00a0podr\u00eda empeorar.<\/li><\/ul><p><b>Evaluaciones:\u00a0<\/b>Son las <b>calificaciones crediticias\u00a0<\/b>que estas agencias asignan al pa\u00eds, como si fueran \u00abnotas\u00bb (por ejemplo, BBB+, Baa2, etc.). Estas indican:<\/p><p>\u2022Si el pa\u00eds es confiable para pagar lo que debe.<\/p><p>\u2022Qu\u00e9 tan riesgoso es prestarle dinero.<\/p><p><b>Enfoques de perspectivas:\u00a0<\/b>Las agencias no solo dan una nota, tambi\u00e9n expresan su <b>opini\u00f3n sobre el futuro cercano\u00a0<\/b>del pa\u00eds en t\u00e9rminos financieros:<\/p><p>\u2022<b>Perspectiva positiva:\u00a0<\/b>podr\u00eda mejorar la calificaci\u00f3n.<\/p><p>\u2022<b>Perspectiva estable:\u00a0<\/b>se espera que se mantenga igual.<\/p><p>\u2022<b>Perspectiva negativa:\u00a0<\/b>podr\u00eda empeorar.<\/p>\t\t\t\t\t\t<\/div>\n\t\t\t\t<\/div>\n\t\t\t\t\t<\/div>\n\t\t\t\t<\/div>\n\t\t\t\t<\/div>\n\t\t\t\t\t<\/details>\n\t\t\t\t\t<\/div>\n\t\t\t\t<\/div>\n\t\t\t\t<\/div>\n\t\t\t\t\t<\/div>\n\t\t\t\t<\/div>\n\t\t<div class=\"elementor-element elementor-element-9aacae9 e-flex e-con-boxed e-con e-parent\" data-id=\"9aacae9\" data-element_type=\"container\">\n\t\t\t\t\t<div class=\"e-con-inner\">\n\t\t\t\t<div class=\"elementor-element elementor-element-8d16102 elementor-widget elementor-widget-button\" data-id=\"8d16102\" data-element_type=\"widget\" data-widget_type=\"button.default\">\n\t\t\t\t<div class=\"elementor-widget-container\">\n\t\t\t\t\t\t\t\t<a class=\"elementor-button elementor-button-link elementor-size-sm\" href=\"http:\/\/cgr-desa-wordpress:8007\/economicos-y-financieros\/\">\n\t\t\t\t\t\t<span class=\"elementor-button-content-wrapper\">\n\t\t\t\t\t\t<span class=\"elementor-button-icon\">\n\t\t\t\t<svg aria-hidden=\"true\" class=\"e-font-icon-svg e-far-arrow-alt-circle-left\" viewBox=\"0 0 512 512\" xmlns=\"http:\/\/www.w3.org\/2000\/svg\"><path d=\"M8 256c0 137 111 248 248 248s248-111 248-248S393 8 256 8 8 119 8 256zm448 0c0 110.5-89.5 200-200 200S56 366.5 56 256 145.5 56 256 56s200 89.5 200 200zm-72-20v40c0 6.6-5.4 12-12 12H256v67c0 10.7-12.9 16-20.5 8.5l-99-99c-4.7-4.7-4.7-12.3 0-17l99-99c7.6-7.6 20.5-2.2 20.5 8.5v67h116c6.6 0 12 5.4 12 12z\"><\/path><\/svg>\t\t\t<\/span>\n\t\t\t\t\t\t\t\t\t<span class=\"elementor-button-text\">Regresar<\/span>\n\t\t\t\t\t<\/span>\n\t\t\t\t\t<\/a>\n\t\t\t\t\t\t<\/div>\n\t\t\t\t<\/div>\n\t\t\t\t\t<\/div>\n\t\t\t\t<\/div>\n\t\t\t\t<\/div>\n\t\t","protected":false},"excerpt":{"rendered":"<p>\u00a0RIESGO PA\u00cdS Resume las evaluaciones y enfoques de perspectivas, por parte de las principales agencias internacionales calificadoras de riesgo, para Panam\u00e1 desde 1998. La calificaci\u00f3n de riesgo es la percepci\u00f3n que se tiene sobre la capacidad de un emisor para hacer frente a sus obligaciones seg\u00fan los t\u00e9rminos y plazos acordados. La calificaci\u00f3n de riesgo&#8230;<\/p>\n","protected":false},"author":5,"featured_media":0,"parent":0,"menu_order":0,"comment_status":"closed","ping_status":"closed","template":"elementor_header_footer","meta":{"_kadence_starter_templates_imported_post":false,"_kad_post_transparent":"default","_kad_post_title":"hide","_kad_post_layout":"fullwidth","_kad_post_sidebar_id":"","_kad_post_content_style":"unboxed","_kad_post_vertical_padding":"hide","_kad_post_feature":"hide","_kad_post_feature_position":"","_kad_post_header":false,"_kad_post_footer":false,"footnotes":""},"class_list":["post-5315","page","type-page","status-publish","hentry"],"_links":{"self":[{"href":"https:\/\/www.contraloria.gob.pa\/observatorio-economico\/index.php\/wp-json\/wp\/v2\/pages\/5315","targetHints":{"allow":["GET"]}}],"collection":[{"href":"https:\/\/www.contraloria.gob.pa\/observatorio-economico\/index.php\/wp-json\/wp\/v2\/pages"}],"about":[{"href":"https:\/\/www.contraloria.gob.pa\/observatorio-economico\/index.php\/wp-json\/wp\/v2\/types\/page"}],"author":[{"embeddable":true,"href":"https:\/\/www.contraloria.gob.pa\/observatorio-economico\/index.php\/wp-json\/wp\/v2\/users\/5"}],"replies":[{"embeddable":true,"href":"https:\/\/www.contraloria.gob.pa\/observatorio-economico\/index.php\/wp-json\/wp\/v2\/comments?post=5315"}],"version-history":[{"count":106,"href":"https:\/\/www.contraloria.gob.pa\/observatorio-economico\/index.php\/wp-json\/wp\/v2\/pages\/5315\/revisions"}],"predecessor-version":[{"id":6359,"href":"https:\/\/www.contraloria.gob.pa\/observatorio-economico\/index.php\/wp-json\/wp\/v2\/pages\/5315\/revisions\/6359"}],"wp:attachment":[{"href":"https:\/\/www.contraloria.gob.pa\/observatorio-economico\/index.php\/wp-json\/wp\/v2\/media?parent=5315"}],"curies":[{"name":"wp","href":"https:\/\/api.w.org\/{rel}","templated":true}]}}