{"id":5326,"date":"2025-08-13T15:45:20","date_gmt":"2025-08-13T20:45:20","guid":{"rendered":"https:\/\/www.contraloria.gob.pa\/observatorio-economico\/?page_id=5326"},"modified":"2025-10-15T10:28:34","modified_gmt":"2025-10-15T15:28:34","slug":"inflacion-subyacente","status":"publish","type":"page","link":"https:\/\/www.contraloria.gob.pa\/observatorio-economico\/index.php\/inflacion-subyacente\/","title":{"rendered":"INFLACI\u00d3N SUBYACENTE"},"content":{"rendered":"\t\t<div data-elementor-type=\"wp-page\" data-elementor-id=\"5326\" class=\"elementor elementor-5326\" data-elementor-post-type=\"page\">\n\t\t\t\t<div class=\"elementor-element elementor-element-3146752 e-flex e-con-boxed e-con e-parent\" data-id=\"3146752\" data-element_type=\"container\" data-settings=\"{&quot;background_background&quot;:&quot;gradient&quot;}\">\n\t\t\t\t\t<div class=\"e-con-inner\">\n\t\t\t\t<div class=\"elementor-element elementor-element-91a8ad1 elementor-widget elementor-widget-text-editor\" data-id=\"91a8ad1\" data-element_type=\"widget\" data-widget_type=\"text-editor.default\">\n\t\t\t\t<div class=\"elementor-widget-container\">\n\t\t\t\t\t\t\t<p style=\"text-align: center;\"><span style=\"color: #4a4d4e;\"><span style=\"font-size: 32px; font-family: arial, helvetica, sans-serif;\"> INFLACI\u00d3N SUBYACENTE<\/span><\/span><\/p>\t\t\t\t\t\t<\/div>\n\t\t\t\t<\/div>\n\t\t\t\t\t<\/div>\n\t\t\t\t<\/div>\n\t\t<div class=\"elementor-element elementor-element-6ec6f70 e-con-full e-flex e-con e-parent\" data-id=\"6ec6f70\" data-element_type=\"container\">\n\t\t\t\t<div class=\"elementor-element elementor-element-3d27f9c elementor-widget__width-initial elementor-widget elementor-widget-text-editor\" data-id=\"3d27f9c\" data-element_type=\"widget\" data-widget_type=\"text-editor.default\">\n\t\t\t\t<div class=\"elementor-widget-container\">\n\t\t\t\t\t\t\t<p class=\"x_p1\">Indicador que procura medir movimientos de precios atribuibles a presione externas, eliminando el efecto distorsionador que tienen las variaciones pasajeras o agudas asociadas con factores clim\u00e1ticos, estacionales o decisiones gubernamentales como los controles de precios en algunos bienes y servicios. El indicador de este cuadro se calcula a partir de informaci\u00f3n del IPC base 2013; mediante dos metodolog\u00edas: <b>Exclusi\u00f3n por Volatilidad<\/b> y <b>Exclusi\u00f3n Fija.<\/b><\/p>\t\t\t\t\t\t<\/div>\n\t\t\t\t<\/div>\n\t\t\t\t<\/div>\n\t\t<div class=\"elementor-element elementor-element-3040d6c e-con-full e-flex e-con e-parent\" data-id=\"3040d6c\" data-element_type=\"container\">\n\t\t<div class=\"elementor-element elementor-element-cbfb9d2 e-con-full e-flex e-con e-child\" data-id=\"cbfb9d2\" data-element_type=\"container\">\n\t\t\t\t<div class=\"elementor-element elementor-element-5072e75 elementor-widget elementor-widget-image\" data-id=\"5072e75\" data-element_type=\"widget\" data-widget_type=\"image.default\">\n\t\t\t\t<div class=\"elementor-widget-container\">\n\t\t\t\t\t\t\t\t\t\t\t\t\t\t<a href=\"https:\/\/www.contraloria.gob.pa\/observatorio-economico\/wp-content\/uploads\/2025\/10\/Inflacion-fija-y-por-volatilidad-descarga-.xlsx\">\n\t\t\t\t\t\t\t<img fetchpriority=\"high\" decoding=\"async\" width=\"288\" height=\"286\" src=\"https:\/\/www.contraloria.gob.pa\/observatorio-economico\/wp-content\/uploads\/2025\/08\/excel-2013-1-4.png\" class=\"attachment-medium size-medium wp-image-5317\" alt=\"\" srcset=\"https:\/\/www.contraloria.gob.pa\/observatorio-economico\/wp-content\/uploads\/2025\/08\/excel-2013-1-4.png 288w, https:\/\/www.contraloria.gob.pa\/observatorio-economico\/wp-content\/uploads\/2025\/08\/excel-2013-1-4-150x150.png 150w\" sizes=\"(max-width: 288px) 100vw, 288px\" \/>\t\t\t\t\t\t\t\t<\/a>\n\t\t\t\t\t\t\t\t\t\t\t\t\t<\/div>\n\t\t\t\t<\/div>\n\t\t\t\t<\/div>\n\t\t\t\t<\/div>\n\t\t<div class=\"elementor-element elementor-element-9ce0b71 e-flex e-con-boxed e-con e-parent\" data-id=\"9ce0b71\" data-element_type=\"container\">\n\t\t\t\t\t<div class=\"e-con-inner\">\n\t\t\t\t<div class=\"elementor-element elementor-element-c8d6702 elementor-widget elementor-widget-html\" data-id=\"c8d6702\" data-element_type=\"widget\" data-widget_type=\"html.default\">\n\t\t\t\t<div class=\"elementor-widget-container\">\n\t\t\t<!DOCTYPE html>\n<html lang=\"es\">\n<head>\n  <meta charset=\"UTF-8\">\n  <title>Tabla con Encabezado Fijo<\/title>\n  <style>\n    .tabla-scroll {\n      max-height: 600px;\n      overflow-y: auto;\n      border: 1px solid #ccc;\n    }\n\n    table {\n      border-collapse: collapse;\n      width: 100%;\n    }\n\n    \/* Encabezado principal (1ra fila) *\/\n    thead tr:first-child th {\n      position: sticky;\n      top: 0;\n      background-color: #173a78;\n      color: white;\n      text-align: center;\n      padding: 4px;\n      z-index: 2;\n    }\n\n    \/* Subencabezado (2da fila) *\/\n    thead tr:nth-child(2) th {\n      position: sticky;\n      top: 38px; \/* Ajusta seg\u00fan el alto de la fila 1 *\/\n      background-color: #173a78;\n      color: white;\n      text-align: center;\n      padding: 8px;\n      z-index: 1;\n    }\n\n    td, th {\n      border: 1px solid #ccc;\n      padding: 6px;\n      text-align: center;\n    }\n\n    \/* Opcional: para que se vea mejor en pantallas peque\u00f1as *\/\n    @media screen and (max-width: 768px) {\n      table {\n        font-size: 14px;\n      }\n\n      thead tr:nth-child(2) th {\n        top: 36px;\n      }\n    }\n  <\/style>\n<\/head>\n<body>\n\n  <div class=\"tabla-scroll\">\n    <table>\n      <thead>\n        <tr>\n          <th rowspan=\"2\">PER\u00cdODO<\/th>\n          <th colspan=\"2\">INFLACI\u00d3N SUBYACENTE<\/th>\n        <\/tr>\n        <tr>\n          <th>Fija<\/th>\n          <th>Por Volatilidad<\/th>\n        <\/tr>\n      <\/thead>\n      <tbody>\n      <tr><td>Oct-16<\/td>\n        <td>104.6<\/td>\n        <td>104.1<\/td>\n    <\/tr>\n    <tr>\n        <td>Nov-16<\/td>\n        <td>104.5<\/td>\n        <td>104.0<\/td>\n    <\/tr>\n    <tr>\n        <td>Dec-16<\/td>\n        <td>104.6<\/td>\n        <td>104.1<\/td>\n    <\/tr>\n    <tr>\n        <td>Jan-17<\/td>\n        <td>104.8<\/td>\n        <td>104.4<\/td>\n    <\/tr>\n    <tr>\n        <td>Feb-17<\/td>\n        <td>105.1<\/td>\n        <td>104.6<\/td>\n    <\/tr>\n    <tr>\n        <td>Mar-17<\/td>\n        <td>105.1<\/td>\n        <td>104.6<\/td>\n    <\/tr>\n    <tr>\n        <td>Apr-17<\/td>\n        <td>105.1<\/td>\n        <td>104.6<\/td>\n    <\/tr>\n    <tr>\n        <td>May-17<\/td>\n        <td>105.1<\/td>\n        <td>104.6<\/td>\n    <\/tr>\n    <tr>\n        <td>Jun-17<\/td>\n        <td>105.0<\/td>\n        <td>104.4<\/td>\n    <\/tr>\n    <tr>\n        <td>Jul-17<\/td>\n        <td>104.8<\/td>\n        <td>104.2<\/td>\n    <\/tr>\n    <tr>\n        <td>Aug-17<\/td>\n        <td>105.0<\/td>\n        <td>104.4<\/td>\n    <\/tr>\n    <tr>\n        <td>Sep-17<\/td>\n        <td>105.2<\/td>\n        <td>104.7<\/td>\n    <\/tr>\n    <tr>\n        <td>Oct-17<\/td>\n        <td>105.0<\/td>\n        <td>104.5<\/td>\n    <\/tr>\n    <tr>\n        <td>Nov-17<\/td>\n        <td>104.9<\/td>\n        <td>104.4<\/td>\n    <\/tr>\n    <tr>\n        <td>Dec-17<\/td>\n        <td>105.0<\/td>\n        <td>104.5<\/td>\n    <\/tr>\n    <tr>\n        <td>Jan-18<\/td>\n        <td>105.3<\/td>\n        <td>104.8<\/td>\n    <\/tr>\n    <tr>\n        <td>Feb-18<\/td>\n        <td>105.5<\/td>\n        <td>105.0<\/td>\n    <\/tr>\n    <tr>\n        <td>Mar-18<\/td>\n        <td>105.7<\/td>\n        <td>105.1<\/td>\n    <\/tr>\n    <tr>\n        <td>Apr-18<\/td>\n        <td>105.7<\/td>\n        <td>105.3<\/td>\n    <\/tr>\n    <tr>\n        <td>May-18<\/td>\n        <td>105.7<\/td>\n        <td>105.2<\/td>\n    <\/tr>\n    <tr>\n        <td>Jun-18<\/td>\n        <td>105.8<\/td>\n        <td>105.4<\/td>\n    <\/tr>\n    <tr>\n        <td>Jul-18<\/td>\n        <td>105.8<\/td>\n        <td>105.4<\/td>\n    <\/tr>\n    <tr>\n        <td>Aug-18<\/td>\n        <td>105.9<\/td>\n        <td>105.4<\/td>\n    <\/tr>\n    <tr>\n        <td>Sep-18<\/td>\n        <td>105.8<\/td>\n        <td>105.4<\/td>\n    <\/tr>\n    <tr>\n        <td>Oct-18<\/td>\n        <td>105.9<\/td>\n        <td>105.4<\/td>\n    <\/tr>\n    <tr>\n        <td>Nov-18<\/td>\n        <td>105.6<\/td>\n        <td>105.1<\/td>\n    <\/tr>\n    <tr>\n        <td>Dec-18<\/td>\n        <td>105.4<\/td>\n        <td>104.7<\/td>\n    <\/tr>\n    <tr>\n        <td>Jan-19<\/td>\n        <td>105.3<\/td>\n        <td>104.5<\/td>\n    <\/tr>\n    <tr>\n        <td>Feb-19<\/td>\n        <td>105.3<\/td>\n        <td>104.6<\/td>\n    <\/tr>\n    <tr>\n        <td>Mar-19<\/td>\n        <td>105.6<\/td>\n        <td>105.0<\/td>\n    <\/tr>\n    <tr>\n        <td>Apr-19<\/td>\n        <td>105.7<\/td>\n        <td>105.2<\/td>\n    <\/tr>\n    <tr>\n        <td>May-19<\/td>\n        <td>105.8<\/td>\n        <td>105.2<\/td>\n    <\/tr>\n    <tr>\n        <td>Jun-19<\/td>\n        <td>105.6<\/td>\n        <td>105.0<\/td>\n    <\/tr>\n    <tr>\n        <td>Jul-19<\/td>\n        <td>105.7<\/td>\n        <td>105.1<\/td>\n    <\/tr>\n    <tr>\n        <td>Aug-19<\/td>\n        <td>105.5<\/td>\n        <td>104.9<\/td>\n    <\/tr>\n    <tr>\n        <td>Sep-19<\/td>\n        <td>105.6<\/td>\n        <td>104.9<\/td>\n    <\/tr>\n    <tr>\n        <td>Oct-19<\/td>\n        <td>105.5<\/td>\n        <td>104.8<\/td>\n    <\/tr>\n    <tr>\n        <td>Nov-19<\/td>\n        <td>105.4<\/td>\n        <td>104.8<\/td>\n    <\/tr>\n    <tr>\n        <td>Dec-19<\/td>\n        <td>105.3<\/td>\n        <td>104.6<\/td>\n    <\/tr>\n    <tr>\n        <td>Jan-20<\/td>\n        <td>105.4<\/td>\n        <td>104.7<\/td>\n    <\/tr>\n    <tr>\n        <td>Feb-20<\/td>\n        <td>105.3<\/td>\n        <td>104.5<\/td>\n    <\/tr>\n    <tr>\n        <td>Mar-20<\/td>\n        <td>105.0<\/td>\n        <td>104.1<\/td>\n    <\/tr>\n    <tr>\n        <td>Apr-20<\/td>\n        <td>104.4<\/td>\n        <td>103.1<\/td>\n    <\/tr>\n    <tr>\n        <td>May-20<\/td>\n        <td>104.2<\/td>\n        <td>103.1<\/td>\n    <\/tr>\n    <tr>\n        <td>Jun-20<\/td>\n        <td>104.5<\/td>\n        <td>103.5<\/td>\n    <\/tr>\n    <tr>\n        <td>Jul-20<\/td>\n        <td>104.2<\/td>\n        <td>103.3<\/td>\n    <\/tr>\n    <tr>\n        <td>Aug-20<\/td>\n        <td>104.2<\/td>\n        <td>103.3<\/td>\n    <\/tr>\n    <tr>\n        <td>Sep-20<\/td>\n        <td>104.2<\/td>\n        <td>103.4<\/td>\n    <\/tr>\n    <tr>\n        <td>Oct-20<\/td>\n        <td>104.1<\/td>\n        <td>103.2<\/td>\n    <\/tr>\n    <tr>\n        <td>Nov-20<\/td>\n        <td>104.1<\/td>\n        <td>103.2<\/td>\n    <\/tr>\n    <tr>\n        <td>Dec-20<\/td>\n        <td>104.3<\/td>\n        <td>103.4<\/td>\n    <\/tr>\n    <tr>\n        <td>Jan-21<\/td>\n        <td>104.5<\/td>\n        <td>103.7<\/td>\n    <\/tr>\n    <tr>\n        <td>Feb-21<\/td>\n        <td>104.9<\/td>\n        <td>104.2<\/td>\n    <\/tr>\n    <tr>\n        <td>Mar-21<\/td>\n        <td>105.1<\/td>\n        <td>104.5<\/td>\n    <\/tr>\n    <tr>\n        <td>Apr-21<\/td>\n        <td>105.2<\/td>\n        <td>104.6<\/td>\n    <\/tr>\n    <tr>\n        <td>May-21<\/td>\n        <td>105.3<\/td>\n        <td>104.8<\/td>\n    <\/tr>\n    <tr>\n        <td>Jun-21<\/td>\n        <td>105.4<\/td>\n        <td>105.0<\/td>\n    <\/tr>\n    <tr>\n        <td>Jul-21<\/td>\n        <td>105.7<\/td>\n        <td>105.3<\/td>\n    <\/tr>\n    <tr>\n        <td>Aug-21<\/td>\n        <td>105.8<\/td>\n        <td>105.4<\/td>\n    <\/tr>\n    <tr>\n        <td>Sep-21<\/td>\n        <td>105.9<\/td>\n        <td>105.5<\/td>\n    <\/tr>\n    <tr>\n        <td>Oct-21<\/td>\n        <td>106.2<\/td>\n        <td>105.8<\/td>\n    <\/tr>\n    <tr>\n        <td>Nov-21<\/td>\n        <td>106.3<\/td>\n        <td>106.1<\/td>\n    <\/tr>\n    <tr>\n        <td>Dec-21<\/td>\n        <td>106.1<\/td>\n        <td>105.7<\/td>\n    <\/tr>\n    <tr>\n        <td>Jan-22<\/td>\n        <td>106.4<\/td>\n        <td>106.2<\/td>\n    <\/tr>\n    <tr>\n        <td>Feb-22<\/td>\n        <td>106.9<\/td>\n        <td>106.8<\/td>\n    <\/tr>\n    <tr>\n        <td>Mar-22<\/td>\n        <td>107.4<\/td>\n        <td>107.6<\/td>\n    <\/tr>\n    <tr>\n        <td>Apr-22<\/td>\n        <td>107.8<\/td>\n        <td>108.1<\/td>\n    <\/tr>\n    <tr>\n        <td>May-22<\/td>\n        <td>108.3<\/td>\n        <td>108.7<\/td>\n    <\/tr>\n    <tr>\n        <td>Jun-22<\/td>\n        <td>109.1<\/td>\n        <td>109.7<\/td>\n    <\/tr>\n    <tr>\n        <td>Jul-22<\/td>\n        <td>108.4<\/td>\n        <td>108.7<\/td>\n    <\/tr>\n    <tr>\n        <td>Aug-22<\/td>\n        <td>107.8<\/td>\n        <td>107.8<\/td>\n    <\/tr>\n    <tr>\n        <td>Sep-22<\/td>\n        <td>107.8<\/td>\n        <td>107.8<\/td>\n    <\/tr>\n    <tr>\n        <td>Oct-22<\/td>\n        <td>108.0<\/td>\n        <td>108.0<\/td>\n    <\/tr>\n    <tr>\n        <td>Nov-22<\/td>\n        <td>108.1<\/td>\n        <td>108.3<\/td>\n    <\/tr>\n    <tr>\n        <td>Dec-22<\/td>\n        <td>108.3<\/td>\n        <td>108.3<\/td>\n    <\/tr>\n    <tr>\n        <td>Jan-23<\/td>\n        <td>109.0<\/td>\n        <td>109.0<\/td>\n    <\/tr>\n    <tr>\n        <td>Feb-23<\/td>\n        <td>109.1<\/td>\n        <td>109.0<\/td>\n    <\/tr>\n    <tr>\n        <td>Mar-23<\/td>\n        <td>109.3<\/td>\n        <td>109.2<\/td>\n    <\/tr>\n    <tr>\n        <td>Apr-23<\/td>\n        <td>109.4<\/td>\n        <td>109.1<\/td>\n    <\/tr>\n    <tr>\n        <td>May-23<\/td>\n        <td>109.6<\/td>\n        <td>109.3<\/td>\n    <\/tr>\n    <tr>\n        <td>Jun-23<\/td>\n        <td>109.6<\/td>\n        <td>109.5<\/td>\n    <\/tr>\n    <tr>\n        <td>Jul-23<\/td>\n        <td>109.6<\/td>\n        <td>109.4<\/td>\n    <\/tr>\n    <tr>\n        <td>Aug-23<\/td>\n        <td>109.7<\/td>\n        <td>109.7<\/td>\n    <\/tr>\n    <tr>\n        <td>Sep-23<\/td>\n        <td>109.9<\/td>\n        <td>109.9<\/td>\n    <\/tr>\n    <tr>\n        <td>Oct-23<\/td>\n        <td>109.8<\/td>\n        <td>109.7<\/td>\n    <\/tr>\n    <tr>\n        <td>Nov-23<\/td>\n        <td>109.9<\/td>\n        <td>109.7<\/td>\n    <\/tr>\n    <tr>\n        <td>Dec-23<\/td>\n        <td>110.0<\/td>\n        <td>109.8<\/td>\n    <\/tr>\n    <tr>\n        <td>Jan-24<\/td>\n        <td>110.2<\/td>\n        <td>110.0<\/td>\n    <\/tr>\n    <tr>\n        <td>Feb-24<\/td>\n        <td>110.4<\/td>\n        <td>107.9<\/td>\n    <\/tr>\n    <tr>\n        <td>Mar-24<\/td>\n        <td>110.7<\/td>\n        <td>108.3<\/td>\n    <\/tr>\n    <tr>\n        <td>Apr-24<\/td>\n        <td>110.7<\/td>\n        <td>108.4<\/td>\n    <\/tr>\n    <tr>\n        <td>May-24<\/td>\n        <td>110.6<\/td>\n        <td>108.2<\/td>\n    <\/tr>\n    <tr>\n        <td>Jun-24<\/td>\n        <td>110.4<\/td>\n        <td>107.9<\/td>\n    <\/tr>\n    <tr>\n        <td>Jul-24<\/td>\n        <td>110.3<\/td>\n        <td>107.7<\/td>\n    <\/tr>\n    <tr>\n        <td>Aug-24<\/td>\n        <td>110.1<\/td>\n        <td>107.5<\/td>\n    <\/tr>\n    <tr>\n        <td>Sep-24<\/td>\n        <td>109.8<\/td>\n        <td>106.9<\/td>\n    <\/tr>\n    <tr>\n        <td>Oct-24<\/td>\n        <td>109.6<\/td>\n        <td>106.7<\/td>\n    <\/tr>\n    <tr>\n        <td>Nov-24<\/td>\n        <td>109.7<\/td>\n        <td>106.7<\/td>\n    <\/tr>\n    <tr>\n        <td>Dec-24<\/td>\n        <td>109.8<\/td>\n        <td>106.9<\/td>\n    <\/tr>\n    <tr>\n        <td>Jan-25<\/td>\n        <td>110.0<\/td>\n        <td>107.2<\/td>\n    <\/tr>\n    <tr>\n        <td>Feb-25<\/td>\n        <td>110.3<\/td>\n        <td>107.7<\/td>\n    <\/tr>\n    <tr>\n        <td>Mar-25<\/td>\n        <td>110.4<\/td>\n        <td>107.5<\/td>\n    <\/tr>\n    <tr>\n        <td>Apr-25<\/td>\n        <td>110.3<\/td>\n        <td>107.4<\/td>\n    <\/tr>\n    <tr>\n        <td>May-25<\/td>\n        <td>110.2<\/td>\n        <td>107.5<\/td>\n        <\/tr>\n    <tr>\n        <td>Jun-25<\/td>\n        <td>110.2<\/td>\n        <td>107.4<\/td>\n    <\/tr>\n    <td>Jul-25<\/td>\n        <td>110.0<\/td>\n        <td>107.3<\/td>\n        <\/tr>\n    <td>Ago-25<\/td>\n        <td>109.9<\/td>\n        <td>106.8<\/td>\n<\/table>\t\t<\/div>\n\t\t\t\t<\/div>\n\t\t\t\t\t<\/div>\n\t\t\t\t<\/div>\n\t\t<div class=\"elementor-element elementor-element-34d2734 e-flex e-con-boxed e-con e-parent\" data-id=\"34d2734\" data-element_type=\"container\">\n\t\t\t\t\t<div class=\"e-con-inner\">\n\t\t\t\t<div class=\"elementor-element elementor-element-c4d7b15 elementor-widget__width-initial elementor-widget elementor-widget-text-editor\" data-id=\"c4d7b15\" data-element_type=\"widget\" data-widget_type=\"text-editor.default\">\n\t\t\t\t<div class=\"elementor-widget-container\">\n\t\t\t\t\t\t\t<h5 style=\"text-align: justify;\"><span style=\"font-size: 14pt;\"><strong>Fuente: <\/strong><\/span><\/h5><p class=\"p1\" style=\"text-align: justify;\">Departamento Estrat\u00e9gico de Investigaciones Econ\u00f3micas y Financieras, con base en datos del \u00cdndice de Precios al Consumidor(IPC) que calcula el Instituto Nacional de Estad\u00edstica y Censos.<\/p>\t\t\t\t\t\t<\/div>\n\t\t\t\t<\/div>\n\t\t\t\t\t<\/div>\n\t\t\t\t<\/div>\n\t\t<div class=\"elementor-element elementor-element-705c89e e-flex e-con-boxed e-con e-parent\" data-id=\"705c89e\" data-element_type=\"container\">\n\t\t\t\t\t<div class=\"e-con-inner\">\n\t\t\t\t<div class=\"elementor-element elementor-element-2666524 elementor-widget__width-initial elementor-widget elementor-widget-text-editor\" data-id=\"2666524\" data-element_type=\"widget\" data-widget_type=\"text-editor.default\">\n\t\t\t\t<div class=\"elementor-widget-container\">\n\t\t\t\t\t\t\t<h5 style=\"text-align: justify;\"><span style=\"font-size: 14pt;\"><strong>Para mayor informaci\u00f3n de la construcci\u00f3n del \u00cdndice de Inflaci\u00f3n Subyacente: <\/strong><a href=\"https:\/\/www.contraloria.gob.pa\/observatorio-economico\/index.php\/nota-metodologica\/\"><span style=\"text-decoration: underline;\"><span style=\"color: #0000ff; text-decoration: underline;\">Not<\/span><span style=\"color: #0000ff; text-decoration: underline;\">as T\u00e9cnicas<\/span><\/span><\/a><\/span><\/h5><p class=\"p1\" style=\"text-align: justify;\">\u00a0<\/p>\t\t\t\t\t\t<\/div>\n\t\t\t\t<\/div>\n\t\t\t\t\t<\/div>\n\t\t\t\t<\/div>\n\t\t<div class=\"elementor-element elementor-element-24fa07f e-flex e-con-boxed e-con e-child\" data-id=\"24fa07f\" data-element_type=\"container\">\n\t\t\t\t\t<div class=\"e-con-inner\">\n\t\t\t\t\t<\/div>\n\t\t\t\t<\/div>\n\t\t\t\t<\/div>\n\t\t","protected":false},"excerpt":{"rendered":"<p>INFLACI\u00d3N SUBYACENTE Indicador que procura medir movimientos de precios atribuibles a presione externas, eliminando el efecto distorsionador que tienen las variaciones pasajeras o agudas asociadas con factores clim\u00e1ticos, estacionales o decisiones gubernamentales como los controles de precios en algunos bienes y servicios. El indicador de este cuadro se calcula a partir de informaci\u00f3n del IPC&#8230;<\/p>\n","protected":false},"author":5,"featured_media":0,"parent":0,"menu_order":0,"comment_status":"closed","ping_status":"closed","template":"elementor_header_footer","meta":{"_kadence_starter_templates_imported_post":false,"_kad_post_transparent":"default","_kad_post_title":"hide","_kad_post_layout":"fullwidth","_kad_post_sidebar_id":"","_kad_post_content_style":"unboxed","_kad_post_vertical_padding":"hide","_kad_post_feature":"hide","_kad_post_feature_position":"","_kad_post_header":false,"_kad_post_footer":false,"footnotes":""},"class_list":["post-5326","page","type-page","status-publish","hentry"],"_links":{"self":[{"href":"https:\/\/www.contraloria.gob.pa\/observatorio-economico\/index.php\/wp-json\/wp\/v2\/pages\/5326","targetHints":{"allow":["GET"]}}],"collection":[{"href":"https:\/\/www.contraloria.gob.pa\/observatorio-economico\/index.php\/wp-json\/wp\/v2\/pages"}],"about":[{"href":"https:\/\/www.contraloria.gob.pa\/observatorio-economico\/index.php\/wp-json\/wp\/v2\/types\/page"}],"author":[{"embeddable":true,"href":"https:\/\/www.contraloria.gob.pa\/observatorio-economico\/index.php\/wp-json\/wp\/v2\/users\/5"}],"replies":[{"embeddable":true,"href":"https:\/\/www.contraloria.gob.pa\/observatorio-economico\/index.php\/wp-json\/wp\/v2\/comments?post=5326"}],"version-history":[{"count":82,"href":"https:\/\/www.contraloria.gob.pa\/observatorio-economico\/index.php\/wp-json\/wp\/v2\/pages\/5326\/revisions"}],"predecessor-version":[{"id":6310,"href":"https:\/\/www.contraloria.gob.pa\/observatorio-economico\/index.php\/wp-json\/wp\/v2\/pages\/5326\/revisions\/6310"}],"wp:attachment":[{"href":"https:\/\/www.contraloria.gob.pa\/observatorio-economico\/index.php\/wp-json\/wp\/v2\/media?parent=5326"}],"curies":[{"name":"wp","href":"https:\/\/api.w.org\/{rel}","templated":true}]}}