{"id":6364,"date":"2025-12-09T09:02:22","date_gmt":"2025-12-09T14:02:22","guid":{"rendered":"https:\/\/www.contraloria.gob.pa\/observatorio-economico\/?page_id=6364"},"modified":"2025-12-15T14:15:51","modified_gmt":"2025-12-15T19:15:51","slug":"dashboard-riesgo-pais","status":"publish","type":"page","link":"https:\/\/www.contraloria.gob.pa\/observatorio-economico\/index.php\/dashboard-riesgo-pais\/","title":{"rendered":"DASHBOARD RIESGO PA\u00cdS"},"content":{"rendered":"\t\t<div data-elementor-type=\"wp-page\" data-elementor-id=\"6364\" class=\"elementor elementor-6364\" data-elementor-post-type=\"page\">\n\t\t\t\t<div class=\"elementor-element elementor-element-cb0c059 e-flex e-con-boxed e-con e-parent\" data-id=\"cb0c059\" data-element_type=\"container\">\n\t\t\t\t\t<div class=\"e-con-inner\">\n\t\t\t\t<div class=\"elementor-element elementor-element-2a6e0d0 elementor-widget elementor-widget-image\" data-id=\"2a6e0d0\" data-element_type=\"widget\" data-widget_type=\"image.default\">\n\t\t\t\t<div class=\"elementor-widget-container\">\n\t\t\t\t\t\t\t\t\t\t\t\t\t\t<a href=\"https:\/\/www.contraloria.gob.pa\/observatorio-economico\/wp-content\/uploads\/2025\/12\/Riesgo-pais-descarga.xlsx\">\n\t\t\t\t\t\t\t<img fetchpriority=\"high\" decoding=\"async\" width=\"288\" height=\"286\" src=\"https:\/\/www.contraloria.gob.pa\/observatorio-economico\/wp-content\/uploads\/2025\/08\/excel-2013-1-4.png\" class=\"attachment-medium size-medium wp-image-5317\" alt=\"\" srcset=\"https:\/\/www.contraloria.gob.pa\/observatorio-economico\/wp-content\/uploads\/2025\/08\/excel-2013-1-4.png 288w, https:\/\/www.contraloria.gob.pa\/observatorio-economico\/wp-content\/uploads\/2025\/08\/excel-2013-1-4-150x150.png 150w\" sizes=\"(max-width: 288px) 100vw, 288px\" \/>\t\t\t\t\t\t\t\t<\/a>\n\t\t\t\t\t\t\t\t\t\t\t\t\t<\/div>\n\t\t\t\t<\/div>\n\t\t\t\t\t<\/div>\n\t\t\t\t<\/div>\n\t\t<div class=\"elementor-element elementor-element-52343a8 e-con-full e-flex e-con e-parent\" data-id=\"52343a8\" data-element_type=\"container\">\n\t\t\t\t<div class=\"elementor-element elementor-element-6cc1f8a elementor-widget elementor-widget-html\" data-id=\"6cc1f8a\" data-element_type=\"widget\" data-widget_type=\"html.default\">\n\t\t\t\t<div class=\"elementor-widget-container\">\n\t\t\t<iframe title=\"Riesgo Pa\u00eds\" width=\"800\" height=\"900\" src=\"https:\/\/app.powerbi.com\/view?r=eyJrIjoiYjBjOGZhMDEtYmJjNS00Mzc1LWFkZTktNjIwODNjZWRjOTAxIiwidCI6IjQ1NjA2NGY2LTY1ODEtNGZkNS1hMjI0LWY3ODQ0MjQyNDVjOSIsImMiOjF9\" frameborder=\"0\" allowFullScreen=\"true\"><\/iframe>\t\t<\/div>\n\t\t\t\t<\/div>\n\t\t\t\t<\/div>\n\t\t<div class=\"elementor-element elementor-element-799aa18 e-flex e-con-boxed e-con e-parent\" data-id=\"799aa18\" data-element_type=\"container\">\n\t\t\t\t\t<div class=\"e-con-inner\">\n\t\t<div class=\"elementor-element elementor-element-4c92549 e-con-full e-flex e-con e-child\" data-id=\"4c92549\" data-element_type=\"container\">\n\t\t\t\t<div class=\"elementor-element elementor-element-cc81adf elementor-widget elementor-widget-text-editor\" data-id=\"cc81adf\" data-element_type=\"widget\" data-widget_type=\"text-editor.default\">\n\t\t\t\t<div class=\"elementor-widget-container\">\n\t\t\t\t\t\t\t<h5><strong>Fuente: Standard &amp; Poor&#8217;s; Fitch Ratings; Moody\u00b4s, MEF<\/strong><\/h5>\t\t\t\t\t\t<\/div>\n\t\t\t\t<\/div>\n\t\t\t\t<\/div>\n\t\t\t\t\t<\/div>\n\t\t\t\t<\/div>\n\t\t<div class=\"elementor-element elementor-element-e579063 e-flex e-con-boxed e-con e-parent\" data-id=\"e579063\" data-element_type=\"container\">\n\t\t\t\t\t<div class=\"e-con-inner\">\n\t\t\t\t<div class=\"elementor-element elementor-element-e38b1a6 elementor-widget elementor-widget-n-accordion\" data-id=\"e38b1a6\" data-element_type=\"widget\" data-settings=\"{&quot;default_state&quot;:&quot;all_collapsed&quot;,&quot;max_items_expended&quot;:&quot;one&quot;,&quot;n_accordion_animation_duration&quot;:{&quot;unit&quot;:&quot;ms&quot;,&quot;size&quot;:400,&quot;sizes&quot;:[]}}\" data-widget_type=\"nested-accordion.default\">\n\t\t\t\t<div class=\"elementor-widget-container\">\n\t\t\t\t\t<div class=\"e-n-accordion\" aria-label=\"Accordion. Open links with Enter or Space, close with Escape, and navigate with Arrow Keys\">\n\t\t\t\t\t\t<details id=\"e-n-accordion-item-2380\" class=\"e-n-accordion-item\" >\n\t\t\t\t<summary class=\"e-n-accordion-item-title\" data-accordion-index=\"1\" tabindex=\"0\" aria-expanded=\"false\" aria-controls=\"e-n-accordion-item-2380\" >\n\t\t\t\t\t<span class='e-n-accordion-item-title-header'><div class=\"e-n-accordion-item-title-text\"> \u00bfQu\u00e9 son las calificadoras de riesgo y cu\u00e1les son sus principales enfoques o perspectivas? <\/div><\/span>\n\t\t\t\t\t\t\t<span class='e-n-accordion-item-title-icon'>\n\t\t\t<span class='e-opened' ><svg aria-hidden=\"true\" class=\"e-font-icon-svg e-fas-minus\" viewBox=\"0 0 448 512\" xmlns=\"http:\/\/www.w3.org\/2000\/svg\"><path d=\"M416 208H32c-17.67 0-32 14.33-32 32v32c0 17.67 14.33 32 32 32h384c17.67 0 32-14.33 32-32v-32c0-17.67-14.33-32-32-32z\"><\/path><\/svg><\/span>\n\t\t\t<span class='e-closed'><svg aria-hidden=\"true\" class=\"e-font-icon-svg e-fas-plus\" viewBox=\"0 0 448 512\" xmlns=\"http:\/\/www.w3.org\/2000\/svg\"><path d=\"M416 208H272V64c0-17.67-14.33-32-32-32h-32c-17.67 0-32 14.33-32 32v144H32c-17.67 0-32 14.33-32 32v32c0 17.67 14.33 32 32 32h144v144c0 17.67 14.33 32 32 32h32c17.67 0 32-14.33 32-32V304h144c17.67 0 32-14.33 32-32v-32c0-17.67-14.33-32-32-32z\"><\/path><\/svg><\/span>\n\t\t<\/span>\n\n\t\t\t\t\t\t<\/summary>\n\t\t\t\t<div role=\"region\" aria-labelledby=\"e-n-accordion-item-2380\" class=\"elementor-element elementor-element-7c09ad2 e-con-full e-flex e-con e-child\" data-id=\"7c09ad2\" data-element_type=\"container\">\n\t\t<div role=\"region\" aria-labelledby=\"e-n-accordion-item-2380\" class=\"elementor-element elementor-element-5dd39ae e-flex e-con-boxed e-con e-child\" data-id=\"5dd39ae\" data-element_type=\"container\">\n\t\t\t\t\t<div class=\"e-con-inner\">\n\t\t\t\t<div class=\"elementor-element elementor-element-47750ac elementor-widget elementor-widget-text-editor\" data-id=\"47750ac\" data-element_type=\"widget\" data-widget_type=\"text-editor.default\">\n\t\t\t\t<div class=\"elementor-widget-container\">\n\t\t\t\t\t\t\t<p class=\"x_MsoNormal\">Las calificadoras de riesgo son entidades internacionales que eval\u00faan la capacidad de un pa\u00eds o empresa para cumplir con el pago de sus deudas. En el caso de Panam\u00e1, las principales son Fitch Ratings, Moody\u2019s y Standard &amp; Poor\u2019s.<\/p><p class=\"x_MsoNormal\">Estas agencias otorgan calificaciones crediticias (como BBB+, Baa2, etc.) que indican qu\u00e9 tan confiable es un pa\u00eds para pagar sus deudas y el nivel de riesgo que representa prestarle dinero.<\/p><p class=\"x_MsoNormal\">Adem\u00e1s de la calificaci\u00f3n, tambi\u00e9n emiten una perspectiva, que refleja su opini\u00f3n sobre la evoluci\u00f3n financiera futura del pa\u00eds:<\/p><p class=\"x_MsoNormal\">Perspectiva positiva: la calificaci\u00f3n podr\u00eda mejorar.<\/p><p class=\"x_MsoNormal\">Perspectiva estable: se espera que la calificaci\u00f3n se mantenga igual.<\/p><p class=\"x_MsoNormal\">Perspectiva negativa: la calificaci\u00f3n podr\u00eda empeorar.<\/p>\t\t\t\t\t\t<\/div>\n\t\t\t\t<\/div>\n\t\t\t\t\t<\/div>\n\t\t\t\t<\/div>\n\t\t\t\t<\/div>\n\t\t\t\t\t<\/details>\n\t\t\t\t\t<\/div>\n\t\t\t\t<\/div>\n\t\t\t\t<\/div>\n\t\t\t\t\t<\/div>\n\t\t\t\t<\/div>\n\t\t<div class=\"elementor-element elementor-element-e6675f6 e-flex e-con-boxed e-con e-parent\" data-id=\"e6675f6\" data-element_type=\"container\">\n\t\t\t\t\t<div class=\"e-con-inner\">\n\t\t\t\t<div class=\"elementor-element elementor-element-a4db48d elementor-widget elementor-widget-button\" data-id=\"a4db48d\" data-element_type=\"widget\" data-widget_type=\"button.default\">\n\t\t\t\t<div class=\"elementor-widget-container\">\n\t\t\t\t\t\t\t\t<a class=\"elementor-button elementor-button-link elementor-size-sm\" href=\"https:\/\/www.contraloria.gob.pa\/observatorio-economico\/index.php\/indicadores-financieros\/\">\n\t\t\t\t\t\t<span class=\"elementor-button-content-wrapper\">\n\t\t\t\t\t\t<span class=\"elementor-button-icon\">\n\t\t\t\t<svg aria-hidden=\"true\" class=\"e-font-icon-svg e-far-arrow-alt-circle-left\" viewBox=\"0 0 512 512\" xmlns=\"http:\/\/www.w3.org\/2000\/svg\"><path d=\"M8 256c0 137 111 248 248 248s248-111 248-248S393 8 256 8 8 119 8 256zm448 0c0 110.5-89.5 200-200 200S56 366.5 56 256 145.5 56 256 56s200 89.5 200 200zm-72-20v40c0 6.6-5.4 12-12 12H256v67c0 10.7-12.9 16-20.5 8.5l-99-99c-4.7-4.7-4.7-12.3 0-17l99-99c7.6-7.6 20.5-2.2 20.5 8.5v67h116c6.6 0 12 5.4 12 12z\"><\/path><\/svg>\t\t\t<\/span>\n\t\t\t\t\t\t\t\t\t<span class=\"elementor-button-text\">Regresar<\/span>\n\t\t\t\t\t<\/span>\n\t\t\t\t\t<\/a>\n\t\t\t\t\t\t<\/div>\n\t\t\t\t<\/div>\n\t\t\t\t\t<\/div>\n\t\t\t\t<\/div>\n\t\t\t\t<\/div>\n\t\t","protected":false},"excerpt":{"rendered":"<p>Fuente: Standard &amp; Poor&#8217;s; Fitch Ratings; Moody\u00b4s, MEF \u00bfQu\u00e9 son las calificadoras de riesgo y cu\u00e1les son sus principales enfoques o perspectivas? Las calificadoras de riesgo son entidades internacionales que eval\u00faan la capacidad de un pa\u00eds o empresa para cumplir con el pago de sus deudas. En el caso de Panam\u00e1, las principales son Fitch&#8230;<\/p>\n","protected":false},"author":5,"featured_media":0,"parent":0,"menu_order":0,"comment_status":"closed","ping_status":"closed","template":"","meta":{"_kadence_starter_templates_imported_post":false,"_kad_post_transparent":"default","_kad_post_title":"hide","_kad_post_layout":"fullwidth","_kad_post_sidebar_id":"","_kad_post_content_style":"unboxed","_kad_post_vertical_padding":"hide","_kad_post_feature":"hide","_kad_post_feature_position":"","_kad_post_header":false,"_kad_post_footer":false,"footnotes":""},"class_list":["post-6364","page","type-page","status-publish","hentry"],"_links":{"self":[{"href":"https:\/\/www.contraloria.gob.pa\/observatorio-economico\/index.php\/wp-json\/wp\/v2\/pages\/6364","targetHints":{"allow":["GET"]}}],"collection":[{"href":"https:\/\/www.contraloria.gob.pa\/observatorio-economico\/index.php\/wp-json\/wp\/v2\/pages"}],"about":[{"href":"https:\/\/www.contraloria.gob.pa\/observatorio-economico\/index.php\/wp-json\/wp\/v2\/types\/page"}],"author":[{"embeddable":true,"href":"https:\/\/www.contraloria.gob.pa\/observatorio-economico\/index.php\/wp-json\/wp\/v2\/users\/5"}],"replies":[{"embeddable":true,"href":"https:\/\/www.contraloria.gob.pa\/observatorio-economico\/index.php\/wp-json\/wp\/v2\/comments?post=6364"}],"version-history":[{"count":22,"href":"https:\/\/www.contraloria.gob.pa\/observatorio-economico\/index.php\/wp-json\/wp\/v2\/pages\/6364\/revisions"}],"predecessor-version":[{"id":6419,"href":"https:\/\/www.contraloria.gob.pa\/observatorio-economico\/index.php\/wp-json\/wp\/v2\/pages\/6364\/revisions\/6419"}],"wp:attachment":[{"href":"https:\/\/www.contraloria.gob.pa\/observatorio-economico\/index.php\/wp-json\/wp\/v2\/media?parent=6364"}],"curies":[{"name":"wp","href":"https:\/\/api.w.org\/{rel}","templated":true}]}}