{"id":6450,"date":"2026-02-03T10:19:51","date_gmt":"2026-02-03T15:19:51","guid":{"rendered":"https:\/\/www.contraloria.gob.pa\/observatorio-economico\/?page_id=6450"},"modified":"2026-04-07T11:53:05","modified_gmt":"2026-04-07T16:53:05","slug":"dashboard-tasas-de-interes","status":"publish","type":"page","link":"https:\/\/www.contraloria.gob.pa\/observatorio-economico\/index.php\/dashboard-tasas-de-interes\/","title":{"rendered":"DASHBOARD TASAS DE INTER\u00c9S"},"content":{"rendered":"\t\t<div data-elementor-type=\"wp-page\" data-elementor-id=\"6450\" class=\"elementor elementor-6450\" data-elementor-post-type=\"page\">\n\t\t\t\t<div class=\"elementor-element elementor-element-46b4a76 e-con-full e-flex e-con e-child\" data-id=\"46b4a76\" data-element_type=\"container\">\n\t\t<div class=\"elementor-element elementor-element-b57a12c e-con-full e-flex e-con e-child\" data-id=\"b57a12c\" data-element_type=\"container\">\n\t\t\t\t<\/div>\n\t\t\t\t<\/div>\n\t\t<div class=\"elementor-element elementor-element-83f8a9d e-flex e-con-boxed e-con e-parent\" data-id=\"83f8a9d\" data-element_type=\"container\">\n\t\t\t\t\t<div class=\"e-con-inner\">\n\t\t<div class=\"elementor-element elementor-element-c614914 e-con-full e-flex e-con e-child\" data-id=\"c614914\" data-element_type=\"container\">\n\t\t\t\t<div class=\"elementor-element elementor-element-63c348c elementor-widget elementor-widget-html\" data-id=\"63c348c\" data-element_type=\"widget\" data-widget_type=\"html.default\">\n\t\t\t\t<div class=\"elementor-widget-container\">\n\t\t\t<iframe title=\"TasasInteres-SNB_BNS\" width=\"600\" height=\"800\" src=\"https:\/\/app.powerbi.com\/view?r=eyJrIjoiMzMyODUzODAtYjY4My00NzcyLThiYTctYWExZjA4ZTNkNjMwIiwidCI6IjQ1NjA2NGY2LTY1ODEtNGZkNS1hMjI0LWY3ODQ0MjQyNDVjOSIsImMiOjF9\" frameborder=\"0\" allowFullScreen=\"true\"><\/iframe>\t\t<\/div>\n\t\t\t\t<\/div>\n\t\t<div class=\"elementor-element elementor-element-39b94a2 e-con-full e-flex e-con e-child\" data-id=\"39b94a2\" data-element_type=\"container\">\n\t\t\t\t<div class=\"elementor-element elementor-element-234f445 elementor-widget__width-initial elementor-widget elementor-widget-text-editor\" data-id=\"234f445\" data-element_type=\"widget\" data-widget_type=\"text-editor.default\">\n\t\t\t\t<div class=\"elementor-widget-container\">\n\t\t\t\t\t\t\t<p>Las tasas de inter\u00e9s internacionales son extra\u00eddas de fuentes externas y est\u00e1n sujetas a variaciones constantes. Su publicaci\u00f3n en el Observatorio Econ\u00f3mico es de car\u00e1cter mensual y se presenta con fines ilustrativos, educativos y de referencia; por lo tanto, la Contralor\u00eda General de la Rep\u00fablica se exime de toda responsabilidad por decisiones que se adopten con base en dicha informaci\u00f3n.<\/p>\t\t\t\t\t\t<\/div>\n\t\t\t\t<\/div>\n\t\t\t\t<\/div>\n\t\t\t\t<div class=\"elementor-element elementor-element-9d0dcb4 elementor-widget elementor-widget-n-accordion\" data-id=\"9d0dcb4\" data-element_type=\"widget\" data-settings=\"{&quot;default_state&quot;:&quot;all_collapsed&quot;,&quot;max_items_expended&quot;:&quot;one&quot;,&quot;n_accordion_animation_duration&quot;:{&quot;unit&quot;:&quot;ms&quot;,&quot;size&quot;:400,&quot;sizes&quot;:[]}}\" data-widget_type=\"nested-accordion.default\">\n\t\t\t\t<div class=\"elementor-widget-container\">\n\t\t\t\t\t<div class=\"e-n-accordion\" aria-label=\"Accordion. Open links with Enter or Space, close with Escape, and navigate with Arrow Keys\">\n\t\t\t\t\t\t<details id=\"e-n-accordion-item-1640\" class=\"e-n-accordion-item\" >\n\t\t\t\t<summary class=\"e-n-accordion-item-title\" data-accordion-index=\"1\" tabindex=\"0\" aria-expanded=\"false\" aria-controls=\"e-n-accordion-item-1640\" >\n\t\t\t\t\t<span class='e-n-accordion-item-title-header'><div class=\"e-n-accordion-item-title-text\"> \u00bfQu\u00e9 son \u20acSTR, SARON, SONIA, EURIBOR, SOFR y TONA? <\/div><\/span>\n\t\t\t\t\t\t\t<span class='e-n-accordion-item-title-icon'>\n\t\t\t<span class='e-opened' ><svg aria-hidden=\"true\" class=\"e-font-icon-svg e-fas-minus\" viewBox=\"0 0 448 512\" xmlns=\"http:\/\/www.w3.org\/2000\/svg\"><path d=\"M416 208H32c-17.67 0-32 14.33-32 32v32c0 17.67 14.33 32 32 32h384c17.67 0 32-14.33 32-32v-32c0-17.67-14.33-32-32-32z\"><\/path><\/svg><\/span>\n\t\t\t<span class='e-closed'><svg aria-hidden=\"true\" class=\"e-font-icon-svg e-fas-plus\" viewBox=\"0 0 448 512\" xmlns=\"http:\/\/www.w3.org\/2000\/svg\"><path d=\"M416 208H272V64c0-17.67-14.33-32-32-32h-32c-17.67 0-32 14.33-32 32v144H32c-17.67 0-32 14.33-32 32v32c0 17.67 14.33 32 32 32h144v144c0 17.67 14.33 32 32 32h32c17.67 0 32-14.33 32-32V304h144c17.67 0 32-14.33 32-32v-32c0-17.67-14.33-32-32-32z\"><\/path><\/svg><\/span>\n\t\t<\/span>\n\n\t\t\t\t\t\t<\/summary>\n\t\t\t\t<div role=\"region\" aria-labelledby=\"e-n-accordion-item-1640\" class=\"elementor-element elementor-element-2d91c70 e-con-full e-flex e-con e-child\" data-id=\"2d91c70\" data-element_type=\"container\">\n\t\t<div role=\"region\" aria-labelledby=\"e-n-accordion-item-1640\" class=\"elementor-element elementor-element-a41c001 e-flex e-con-boxed e-con e-child\" data-id=\"a41c001\" data-element_type=\"container\">\n\t\t\t\t\t<div class=\"e-con-inner\">\n\t\t\t\t<div class=\"elementor-element elementor-element-fead8b6 elementor-widget elementor-widget-text-editor\" data-id=\"fead8b6\" data-element_type=\"widget\" data-widget_type=\"text-editor.default\">\n\t\t\t\t<div class=\"elementor-widget-container\">\n\t\t\t\t\t\t\t<p style=\"font-weight: 400;\"><strong>\u20acSTR (Euro Short Term Rate):<\/strong> tipo de inter\u00e9s de referencia a un d\u00eda para el euro.<\/p><p style=\"font-weight: 400;\"><strong>SARON (Swiss Average Rate Overnight):<\/strong> tasa promedio overnight en francos suizos (CHF).<\/p><p style=\"font-weight: 400;\"><strong>SONIA (Sterling Overnight Index Average):<\/strong> tasa overnight de referencia en libras esterlinas.<\/p><p style=\"font-weight: 400;\"><strong>EURIBOR (Euro Interbank Offered Rate):<\/strong> tipo de inter\u00e9s interbancario de referencia en la zona euro.<\/p><p style=\"font-weight: 400;\"><strong>SOFR (Secured Overnight Financing Rate):<\/strong> tasas de inter\u00e9s en d\u00f3lares estadounidense, basada en pr\u00e9stamos garantizados por bonos del Tesoro a un d\u00eda.<\/p><p style=\"font-weight: 400;\"><strong>TONA (Tokyo Overnight Average Rate):<\/strong> tasa de inter\u00e9s interbancaria de referencia para pr\u00e9stamos a un d\u00eda en yenes japoneses (JPY).<\/p>\t\t\t\t\t\t<\/div>\n\t\t\t\t<\/div>\n\t\t\t\t\t<\/div>\n\t\t\t\t<\/div>\n\t\t\t\t<\/div>\n\t\t\t\t\t<\/details>\n\t\t\t\t\t<\/div>\n\t\t\t\t<\/div>\n\t\t\t\t<\/div>\n\t\t\t\t<div class=\"elementor-element elementor-element-4ffab99 elementor-widget elementor-widget-button\" data-id=\"4ffab99\" data-element_type=\"widget\" data-widget_type=\"button.default\">\n\t\t\t\t<div class=\"elementor-widget-container\">\n\t\t\t\t\t\t\t\t<a class=\"elementor-button elementor-button-link elementor-size-sm\" href=\"https:\/\/www.contraloria.gob.pa\/observatorio-economico\/index.php\/indicadores-financieros\/\">\n\t\t\t\t\t\t<span class=\"elementor-button-content-wrapper\">\n\t\t\t\t\t\t<span class=\"elementor-button-icon\">\n\t\t\t\t<svg aria-hidden=\"true\" class=\"e-font-icon-svg e-far-arrow-alt-circle-left\" viewBox=\"0 0 512 512\" xmlns=\"http:\/\/www.w3.org\/2000\/svg\"><path d=\"M8 256c0 137 111 248 248 248s248-111 248-248S393 8 256 8 8 119 8 256zm448 0c0 110.5-89.5 200-200 200S56 366.5 56 256 145.5 56 256 56s200 89.5 200 200zm-72-20v40c0 6.6-5.4 12-12 12H256v67c0 10.7-12.9 16-20.5 8.5l-99-99c-4.7-4.7-4.7-12.3 0-17l99-99c7.6-7.6 20.5-2.2 20.5 8.5v67h116c6.6 0 12 5.4 12 12z\"><\/path><\/svg>\t\t\t<\/span>\n\t\t\t\t\t\t\t\t\t<span class=\"elementor-button-text\">Regresar<\/span>\n\t\t\t\t\t<\/span>\n\t\t\t\t\t<\/a>\n\t\t\t\t\t\t<\/div>\n\t\t\t\t<\/div>\n\t\t\t\t<\/div>\n\t\t<div class=\"elementor-element elementor-element-a03e8bf e-con-full e-flex e-con e-child\" data-id=\"a03e8bf\" data-element_type=\"container\">\n\t\t\t\t<div class=\"elementor-element elementor-element-3a2e340 elementor-widget elementor-widget-image\" data-id=\"3a2e340\" data-element_type=\"widget\" data-widget_type=\"image.default\">\n\t\t\t\t<div class=\"elementor-widget-container\">\n\t\t\t\t\t\t\t\t\t\t\t\t\t\t<a href=\"https:\/\/www.contraloria.gob.pa\/observatorio-economico\/wp-content\/uploads\/2026\/04\/Tasas-de-interes-2.xlsx\">\n\t\t\t\t\t\t\t<img fetchpriority=\"high\" decoding=\"async\" width=\"288\" height=\"286\" src=\"https:\/\/www.contraloria.gob.pa\/observatorio-economico\/wp-content\/uploads\/2026\/02\/excel-2013-1-4.png\" class=\"attachment-medium size-medium wp-image-6453\" alt=\"\" srcset=\"https:\/\/www.contraloria.gob.pa\/observatorio-economico\/wp-content\/uploads\/2026\/02\/excel-2013-1-4.png 288w, https:\/\/www.contraloria.gob.pa\/observatorio-economico\/wp-content\/uploads\/2026\/02\/excel-2013-1-4-150x150.png 150w\" sizes=\"(max-width: 288px) 100vw, 288px\" \/>\t\t\t\t\t\t\t\t<\/a>\n\t\t\t\t\t\t\t\t\t\t\t\t\t<\/div>\n\t\t\t\t<\/div>\n\t\t\t\t<\/div>\n\t\t\t\t\t<\/div>\n\t\t\t\t<\/div>\n\t\t\t\t<\/div>\n\t\t","protected":false},"excerpt":{"rendered":"<p>Las tasas de inter\u00e9s internacionales son extra\u00eddas de fuentes externas y est\u00e1n sujetas a variaciones constantes. Su publicaci\u00f3n en el Observatorio Econ\u00f3mico es de car\u00e1cter mensual y se presenta con fines ilustrativos, educativos y de referencia; por lo tanto, la Contralor\u00eda General de la Rep\u00fablica se exime de toda responsabilidad por decisiones que se adopten&#8230;<\/p>\n","protected":false},"author":5,"featured_media":0,"parent":0,"menu_order":0,"comment_status":"closed","ping_status":"closed","template":"","meta":{"_kadence_starter_templates_imported_post":false,"_kad_post_transparent":"default","_kad_post_title":"hide","_kad_post_layout":"fullwidth","_kad_post_sidebar_id":"","_kad_post_content_style":"unboxed","_kad_post_vertical_padding":"hide","_kad_post_feature":"hide","_kad_post_feature_position":"","_kad_post_header":false,"_kad_post_footer":false,"footnotes":""},"class_list":["post-6450","page","type-page","status-publish","hentry"],"_links":{"self":[{"href":"https:\/\/www.contraloria.gob.pa\/observatorio-economico\/index.php\/wp-json\/wp\/v2\/pages\/6450","targetHints":{"allow":["GET"]}}],"collection":[{"href":"https:\/\/www.contraloria.gob.pa\/observatorio-economico\/index.php\/wp-json\/wp\/v2\/pages"}],"about":[{"href":"https:\/\/www.contraloria.gob.pa\/observatorio-economico\/index.php\/wp-json\/wp\/v2\/types\/page"}],"author":[{"embeddable":true,"href":"https:\/\/www.contraloria.gob.pa\/observatorio-economico\/index.php\/wp-json\/wp\/v2\/users\/5"}],"replies":[{"embeddable":true,"href":"https:\/\/www.contraloria.gob.pa\/observatorio-economico\/index.php\/wp-json\/wp\/v2\/comments?post=6450"}],"version-history":[{"count":55,"href":"https:\/\/www.contraloria.gob.pa\/observatorio-economico\/index.php\/wp-json\/wp\/v2\/pages\/6450\/revisions"}],"predecessor-version":[{"id":6703,"href":"https:\/\/www.contraloria.gob.pa\/observatorio-economico\/index.php\/wp-json\/wp\/v2\/pages\/6450\/revisions\/6703"}],"wp:attachment":[{"href":"https:\/\/www.contraloria.gob.pa\/observatorio-economico\/index.php\/wp-json\/wp\/v2\/media?parent=6450"}],"curies":[{"name":"wp","href":"https:\/\/api.w.org\/{rel}","templated":true}]}}