{"id":6546,"date":"2026-03-18T11:07:40","date_gmt":"2026-03-18T16:07:40","guid":{"rendered":"https:\/\/www.contraloria.gob.pa\/observatorio-economico\/?page_id=6546"},"modified":"2026-03-24T15:18:24","modified_gmt":"2026-03-24T20:18:24","slug":"tablero-inflacion-subyacente","status":"publish","type":"page","link":"https:\/\/www.contraloria.gob.pa\/observatorio-economico\/index.php\/tablero-inflacion-subyacente\/","title":{"rendered":"Tablero Inflaci\u00f3n Subyacente"},"content":{"rendered":"\t\t<div data-elementor-type=\"wp-page\" data-elementor-id=\"6546\" class=\"elementor elementor-6546\" data-elementor-post-type=\"page\">\n\t\t\t\t<div class=\"elementor-element elementor-element-4768330 e-flex e-con-boxed e-con e-parent\" data-id=\"4768330\" data-element_type=\"container\" data-settings=\"{&quot;background_background&quot;:&quot;gradient&quot;}\">\n\t\t\t\t\t<div class=\"e-con-inner\">\n\t\t\t\t<div class=\"elementor-element elementor-element-e2c2bf1 elementor-widget__width-initial elementor-widget elementor-widget-text-editor\" data-id=\"e2c2bf1\" data-element_type=\"widget\" data-widget_type=\"text-editor.default\">\n\t\t\t\t<div class=\"elementor-widget-container\">\n\t\t\t\t\t\t\t<p style=\"text-align: center;\"><span style=\"color: #4a4d4e;\"><span style=\"font-size: 32px; font-family: arial, helvetica, sans-serif;\">INFLACI\u00d3N SUBYACENTE<\/span><\/span><\/p>\t\t\t\t\t\t<\/div>\n\t\t\t\t<\/div>\n\t\t\t\t\t<\/div>\n\t\t\t\t<\/div>\n\t\t<div class=\"elementor-element elementor-element-e8ba9ab e-con-full e-flex e-con e-parent\" data-id=\"e8ba9ab\" data-element_type=\"container\">\n\t\t<div class=\"elementor-element elementor-element-d231359 e-con-full e-flex e-con e-child\" data-id=\"d231359\" data-element_type=\"container\">\n\t\t\t\t<div class=\"elementor-element elementor-element-da9941e elementor-widget elementor-widget-image\" data-id=\"da9941e\" data-element_type=\"widget\" data-widget_type=\"image.default\">\n\t\t\t\t<div class=\"elementor-widget-container\">\n\t\t\t\t\t\t\t\t\t\t\t\t\t\t<a href=\"https:\/\/www.contraloria.gob.pa\/observatorio-economico\/wp-content\/uploads\/2026\/03\/Inflacion-fija-por-volatilidad.xlsx\">\n\t\t\t\t\t\t\t<img fetchpriority=\"high\" decoding=\"async\" width=\"288\" height=\"286\" src=\"https:\/\/www.contraloria.gob.pa\/observatorio-economico\/wp-content\/uploads\/2026\/02\/excel-2013-1-4.png\" class=\"attachment-medium size-medium wp-image-6453\" alt=\"\" srcset=\"https:\/\/www.contraloria.gob.pa\/observatorio-economico\/wp-content\/uploads\/2026\/02\/excel-2013-1-4.png 288w, https:\/\/www.contraloria.gob.pa\/observatorio-economico\/wp-content\/uploads\/2026\/02\/excel-2013-1-4-150x150.png 150w\" sizes=\"(max-width: 288px) 100vw, 288px\" \/>\t\t\t\t\t\t\t\t<\/a>\n\t\t\t\t\t\t\t\t\t\t\t\t\t<\/div>\n\t\t\t\t<\/div>\n\t\t\t\t<\/div>\n\t\t\t\t<\/div>\n\t\t<div class=\"elementor-element elementor-element-a2c0cf7 e-flex e-con-boxed e-con e-parent\" data-id=\"a2c0cf7\" data-element_type=\"container\">\n\t\t\t\t\t<div class=\"e-con-inner\">\n\t\t\t\t<div class=\"elementor-element elementor-element-d72dd0a elementor-widget elementor-widget-html\" data-id=\"d72dd0a\" data-element_type=\"widget\" data-widget_type=\"html.default\">\n\t\t\t\t<div class=\"elementor-widget-container\">\n\t\t\t<iframe title=\"Inflaci\u00f3n Subyacente\" width=\"600\" height=\"900.5\" src=\"https:\/\/app.powerbi.com\/view?r=eyJrIjoiYTQ2MzI5ODctMzhmYy00MDg5LTg0NDAtZmRiYWRhNGRkNWJiIiwidCI6IjQ1NjA2NGY2LTY1ODEtNGZkNS1hMjI0LWY3ODQ0MjQyNDVjOSIsImMiOjF9\" frameborder=\"0\" allowFullScreen=\"true\"><\/iframe>\t\t<\/div>\n\t\t\t\t<\/div>\n\t\t\t\t\t<\/div>\n\t\t\t\t<\/div>\n\t\t<div class=\"elementor-element elementor-element-a43b8da e-flex e-con-boxed e-con e-parent\" data-id=\"a43b8da\" data-element_type=\"container\">\n\t\t\t\t\t<div class=\"e-con-inner\">\n\t\t\t\t<div class=\"elementor-element elementor-element-82c4842 elementor-widget__width-initial elementor-widget elementor-widget-text-editor\" data-id=\"82c4842\" data-element_type=\"widget\" data-widget_type=\"text-editor.default\">\n\t\t\t\t<div class=\"elementor-widget-container\">\n\t\t\t\t\t\t\t<h5 style=\"text-align: justify;\"><span style=\"font-size: 14pt;\"><strong>Para mayor informaci\u00f3n de la construcci\u00f3n del \u00cdndice de Inflaci\u00f3n Subyacente: <\/strong><a href=\"https:\/\/www.contraloria.gob.pa\/observatorio-economico\/index.php\/nota-metodologica\/\"><span style=\"text-decoration: underline;\"><span style=\"color: #0000ff; text-decoration: underline;\">Not<\/span><span style=\"color: #0000ff; text-decoration: underline;\">as T\u00e9cnicas<\/span><\/span><\/a><\/span><\/h5><p class=\"p1\" style=\"text-align: justify;\">\u00a0<\/p>\t\t\t\t\t\t<\/div>\n\t\t\t\t<\/div>\n\t\t\t\t\t<\/div>\n\t\t\t\t<\/div>\n\t\t<div class=\"elementor-element elementor-element-0e97fab e-flex e-con-boxed e-con e-parent\" data-id=\"0e97fab\" data-element_type=\"container\">\n\t\t\t\t\t<div class=\"e-con-inner\">\n\t\t\t\t<div class=\"elementor-element elementor-element-dde74c7 elementor-widget__width-initial elementor-widget elementor-widget-text-editor\" data-id=\"dde74c7\" data-element_type=\"widget\" data-widget_type=\"text-editor.default\">\n\t\t\t\t<div class=\"elementor-widget-container\">\n\t\t\t\t\t\t\t<h5 style=\"text-align: justify;\"><a href=\"https:\/\/www.contraloria.gob.pa\/observatorio-economico\/wp-content\/uploads\/2026\/03\/Inflacion-fija-y-por-volatilidad-descarga-2013-2-2.xlsx\"><span style=\"font-size: 14pt;\"><strong><b>Descargar Hist\u00f3rico Base 2013<\/b><\/strong><\/span><\/a><\/h5>\t\t\t\t\t\t<\/div>\n\t\t\t\t<\/div>\n\t\t\t\t\t<\/div>\n\t\t\t\t<\/div>\n\t\t<div class=\"elementor-element elementor-element-4819ddf e-con-full e-flex e-con e-parent\" data-id=\"4819ddf\" data-element_type=\"container\">\n\t\t\t\t<div class=\"elementor-element elementor-element-1c74320 elementor-widget__width-initial elementor-widget elementor-widget-n-accordion\" data-id=\"1c74320\" data-element_type=\"widget\" data-settings=\"{&quot;default_state&quot;:&quot;all_collapsed&quot;,&quot;max_items_expended&quot;:&quot;one&quot;,&quot;n_accordion_animation_duration&quot;:{&quot;unit&quot;:&quot;ms&quot;,&quot;size&quot;:400,&quot;sizes&quot;:[]}}\" data-widget_type=\"nested-accordion.default\">\n\t\t\t\t<div class=\"elementor-widget-container\">\n\t\t\t\t\t<div class=\"e-n-accordion\" aria-label=\"Accordion. Open links with Enter or Space, close with Escape, and navigate with Arrow Keys\">\n\t\t\t\t\t\t<details id=\"e-n-accordion-item-2980\" class=\"e-n-accordion-item\" >\n\t\t\t\t<summary class=\"e-n-accordion-item-title\" data-accordion-index=\"1\" tabindex=\"0\" aria-expanded=\"false\" aria-controls=\"e-n-accordion-item-2980\" >\n\t\t\t\t\t<span class='e-n-accordion-item-title-header'><div class=\"e-n-accordion-item-title-text\"> \u00bfQu\u00e9 es la inflaci\u00f3n subyacente? <\/div><\/span>\n\t\t\t\t\t\t\t<span class='e-n-accordion-item-title-icon'>\n\t\t\t<span class='e-opened' ><svg aria-hidden=\"true\" class=\"e-font-icon-svg e-fas-minus\" viewBox=\"0 0 448 512\" xmlns=\"http:\/\/www.w3.org\/2000\/svg\"><path d=\"M416 208H32c-17.67 0-32 14.33-32 32v32c0 17.67 14.33 32 32 32h384c17.67 0 32-14.33 32-32v-32c0-17.67-14.33-32-32-32z\"><\/path><\/svg><\/span>\n\t\t\t<span class='e-closed'><svg aria-hidden=\"true\" class=\"e-font-icon-svg e-fas-plus\" viewBox=\"0 0 448 512\" xmlns=\"http:\/\/www.w3.org\/2000\/svg\"><path d=\"M416 208H272V64c0-17.67-14.33-32-32-32h-32c-17.67 0-32 14.33-32 32v144H32c-17.67 0-32 14.33-32 32v32c0 17.67 14.33 32 32 32h144v144c0 17.67 14.33 32 32 32h32c17.67 0 32-14.33 32-32V304h144c17.67 0 32-14.33 32-32v-32c0-17.67-14.33-32-32-32z\"><\/path><\/svg><\/span>\n\t\t<\/span>\n\n\t\t\t\t\t\t<\/summary>\n\t\t\t\t<div role=\"region\" aria-labelledby=\"e-n-accordion-item-2980\" class=\"elementor-element elementor-element-fa2d304 e-con-full e-flex e-con e-child\" data-id=\"fa2d304\" data-element_type=\"container\">\n\t\t<div role=\"region\" aria-labelledby=\"e-n-accordion-item-2980\" class=\"elementor-element elementor-element-33c08d7 e-flex e-con-boxed e-con e-child\" data-id=\"33c08d7\" data-element_type=\"container\">\n\t\t\t\t\t<div class=\"e-con-inner\">\n\t\t\t\t<div class=\"elementor-element elementor-element-ed25049 elementor-widget elementor-widget-text-editor\" data-id=\"ed25049\" data-element_type=\"widget\" data-widget_type=\"text-editor.default\">\n\t\t\t\t<div class=\"elementor-widget-container\">\n\t\t\t\t\t\t\t<p>Indicador que procura medir movimientos de precios atribuibles a presione externas, eliminando el efecto distorsionador que tienen las variaciones pasajeras o agudas asociadas con factores clim\u00e1ticos, estacionales o decisiones gubernamentales como los controles de precios en algunos bienes y servicios. El indicador de este cuadro se calcula a partir de informaci\u00f3n del IPC base 2024.<\/p>\t\t\t\t\t\t<\/div>\n\t\t\t\t<\/div>\n\t\t\t\t\t<\/div>\n\t\t\t\t<\/div>\n\t\t\t\t<\/div>\n\t\t\t\t\t<\/details>\n\t\t\t\t\t<\/div>\n\t\t\t\t<\/div>\n\t\t\t\t<\/div>\n\t\t\t\t<\/div>\n\t\t<div class=\"elementor-element elementor-element-642b1d5 e-flex e-con-boxed e-con e-parent\" data-id=\"642b1d5\" data-element_type=\"container\">\n\t\t\t\t\t<div class=\"e-con-inner\">\n\t\t\t\t\t<\/div>\n\t\t\t\t<\/div>\n\t\t\t\t<\/div>\n\t\t","protected":false},"excerpt":{"rendered":"<p>INFLACI\u00d3N SUBYACENTE Para mayor informaci\u00f3n de la construcci\u00f3n del \u00cdndice de Inflaci\u00f3n Subyacente: Notas T\u00e9cnicas \u00a0 Descargar Hist\u00f3rico Base 2013 \u00bfQu\u00e9 es la inflaci\u00f3n subyacente? Indicador que procura medir movimientos de precios atribuibles a presione externas, eliminando el efecto distorsionador que tienen las variaciones pasajeras o agudas asociadas con factores clim\u00e1ticos, estacionales o decisiones gubernamentales&#8230;<\/p>\n","protected":false},"author":5,"featured_media":0,"parent":0,"menu_order":0,"comment_status":"closed","ping_status":"closed","template":"","meta":{"_kadence_starter_templates_imported_post":false,"_kad_post_transparent":"","_kad_post_title":"hide","_kad_post_layout":"fullwidth","_kad_post_sidebar_id":"","_kad_post_content_style":"unboxed","_kad_post_vertical_padding":"hide","_kad_post_feature":"hide","_kad_post_feature_position":"","_kad_post_header":false,"_kad_post_footer":false,"footnotes":""},"class_list":["post-6546","page","type-page","status-publish","hentry"],"_links":{"self":[{"href":"https:\/\/www.contraloria.gob.pa\/observatorio-economico\/index.php\/wp-json\/wp\/v2\/pages\/6546","targetHints":{"allow":["GET"]}}],"collection":[{"href":"https:\/\/www.contraloria.gob.pa\/observatorio-economico\/index.php\/wp-json\/wp\/v2\/pages"}],"about":[{"href":"https:\/\/www.contraloria.gob.pa\/observatorio-economico\/index.php\/wp-json\/wp\/v2\/types\/page"}],"author":[{"embeddable":true,"href":"https:\/\/www.contraloria.gob.pa\/observatorio-economico\/index.php\/wp-json\/wp\/v2\/users\/5"}],"replies":[{"embeddable":true,"href":"https:\/\/www.contraloria.gob.pa\/observatorio-economico\/index.php\/wp-json\/wp\/v2\/comments?post=6546"}],"version-history":[{"count":36,"href":"https:\/\/www.contraloria.gob.pa\/observatorio-economico\/index.php\/wp-json\/wp\/v2\/pages\/6546\/revisions"}],"predecessor-version":[{"id":6669,"href":"https:\/\/www.contraloria.gob.pa\/observatorio-economico\/index.php\/wp-json\/wp\/v2\/pages\/6546\/revisions\/6669"}],"wp:attachment":[{"href":"https:\/\/www.contraloria.gob.pa\/observatorio-economico\/index.php\/wp-json\/wp\/v2\/media?parent=6546"}],"curies":[{"name":"wp","href":"https:\/\/api.w.org\/{rel}","templated":true}]}}